{"id":130,"date":"2021-12-13T13:20:25","date_gmt":"2021-12-13T13:20:25","guid":{"rendered":"http:\/\/masken-info.ch\/?page_id=130"},"modified":"2022-01-11T22:04:50","modified_gmt":"2022-01-11T22:04:50","slug":"das-sagen-regierung-und-verbaende","status":"publish","type":"page","link":"https:\/\/masken-info.ch\/index.php\/das-sagen-regierung-und-verbaende\/","title":{"rendered":"Das sagen Regierung und Verb\u00e4nde"},"content":{"rendered":"\n<p>Sucht man in den Verf\u00fcgungen und Verlautbarungen der Regierung oder leider auch der Lehrerverb\u00e4nde nach evidenzbasierten Grundlagen der verf\u00fcgten bzw. geforderten Maskenpflicht, findet man nichts.<\/p>\n\n\n\n<blockquote class=\"wp-block-quote is-layout-flow wp-block-quote-is-layout-flow\"><p>Auf das Fehlen der wissenschaftlichen Grundlage angesprochen, hat das BKS des Kanton Aargau sowie der alv Stellung bezogen.<\/p><\/blockquote>\n\n\n\n<h2 class=\"wp-block-heading\">Stellungnahme des BKS Kanton Aargau<\/h2>\n\n\n\n<p>Frage: <em>&#171;An unserem Telefongespr\u00e4ch erw\u00e4hnten Sie, dass das BKS feststellen konnte, dass in den (Primar-)schulen ohne Maskenpflicht es zu mehr Ausbr\u00fcchen kam als in Schulen mit Maskenpflicht. Meines Wissens gibt es in der wissenschaftlichen Literatur weltweit keine Studie, welche diesen Sachverhalt belegt. Haben Sie Ihre Erkenntnisse irgend in einer Art systematisch festgehalten?&nbsp;Gibt es dazu valable, auswertbare Daten?&#187;<\/em><\/p>\n\n\n\n<p>Antwort vom BKS: <em>&#171;Am &#171;Point de Presse&#187; vom 26. Mai 2021 hat der Regierungsrat unter anderem zu den bekannten Zahlen im Schulbereich informiert. Dabei wurden ebenfalls die Anzahl Klassenquarant\u00e4nen im Zeitraum vom 22. Februar bis 23. Mai 2021 aufgelistet. Klassenquarant\u00e4nen wurden immer ausgesprochen, wenn es in einer Schulklasse zu geh\u00e4uften, nachgewiesenen Ansteckungen mit dem Coronavirus gekommen ist. Im oben erw\u00e4hnten Zeitraum musste f\u00fcr 100 Klassen eine Quarant\u00e4ne angeordnet werden, dabei waren \u00be der angeordneten Quarant\u00e4nen f\u00fcr Klassen ab der 4. Primarschule und tiefer. <\/em><br><em>Diese Erfahrungen lassen den Schluss zu, dass die Maskentragpflicht ab der 5. Primarklasse dazu beigetragen hat, die Anzahl der Klassenquarant\u00e4nen zu reduzieren und damit verbunden Ansteckungen innerhalb der Schule zu reduzieren. <strong>Es bestehen meines Wissen noch keine wissenschaftliche Studien dazu<\/strong>.<\/em><\/p>\n\n\n\n<p>Die Antwort bedeutet:<\/p>\n\n\n\n<ul class=\"wp-block-list\"><li>Dem BKS sind keine wissenschaftlichen Studien bekannt.<\/li><li>Das BKS verf\u00fcgt die Maskenpflicht aufgrund von Beobachtungsdaten, die unbestritten wissenschaftlich nicht verwertbar sind und auf keine Kausalit\u00e4t schliessen lassen: Die Aussage: &#171;<em>Diese Erfahrungen lassen den Schluss zu<\/em>&#187; zeigt auf, wie unwissenschaftlich man im BKS offenbar vorgeht.<\/li><li>Das BKS verf\u00fcgt willk\u00fcrlich Massnahmen, ohne eine Aussage dar\u00fcber machen zu k\u00f6nnen, ob sie tats\u00e4chlich wirken. Man vermutet.<\/li><li>Aufgrund solcher haltlosen Vermutungen verf\u00fcgt das BKS eine Maskenpflicht ab 7 Jahren. <\/li><\/ul>\n\n\n\n<p><br>Auf eine Aufforderung  einer Lehrergruppe im Ende Dezember 2022, den Nutzen der Maskenpflicht zu belegen, ging das BKS nicht ein. Die lakonische Antwort war, man m\u00fcsse mithelfen, die Ausbreitung des Virus zu verhindern.<br>Da Masken nachweislich keinen Beitrag dazu leisten, ist die Antwort des BKS irref\u00fchrend und gef\u00e4hrlich: Die Leute glauben, die Maske sch\u00fctze sie und werden trotzdem angesteckt.<\/p>\n\n\n\n<h2 class=\"wp-block-heading\">Stellungnahme des Aargauer Lehrerverband (alv)<\/h2>\n\n\n\n<p>Der Aargauer Lehrerverband (alv) fordert die Maskenpflicht an vorderer Front. Unter anderem vom Lehrernetzwerk Schweiz damit konfrontiert, dass diese Forderung keine wissenschaftliche Grundlage hat, schreibt der alv in einem Artikel <a href=\"https:\/\/alv-ag.ch\/aktuelles?news=35\">&#171;Aktuelle Erkenntnisse zu Corona und die Position des alv<\/a>&#171;:<\/p>\n\n\n\n<ul class=\"wp-block-list\"><li>&#171;<em><strong>Masken:<\/strong>\u00a0<\/em><strong><em>Sie wurden in den letzten Wochen zu einem richtigen Zankapfel.<\/em>&#171;<\/strong> Wahrscheinlich nimmt der alv hier Bezug auf die Forderung des Lehrernetzwerks, die Wirksamkeit zu belegen<\/li><li><strong> <em>&#171;Fachleute sind sich einig, dass sie Ansteckungen verhindern.&#187;<\/em><\/strong> Leider bleibt der alv uns schuldig, welche Fachleute sie meinen. Etwa Drosten, der (<a rel=\"noreferrer noopener\" href=\"https:\/\/masken-info.ch\/index.php\/pro-maske-studien-debunked\/\" target=\"_blank\">wie hier gezeigt<\/a>) zwei Mal genau das Gegenteil der Position des alv festh\u00e4lt? <br>Der alv behauptet einfach mal.<\/li><li>Der alv h\u00e4lt immerhin richtig fest: <strong><em>&#171;Dies wissenschaftlich zu zeigen, ist schwierig.&#187;<\/em> <\/strong>Die Frage bleibt offen, weshalb der alv nicht den naheliegenden Schluss daraus zieht, dass man im Irrtum liegt, wenn man etwas nicht wissenschaftlich zeigen kann.<\/li><li><strong>&#171;<em>K\u00fcrzlich wurden in den USA\u00a0<a rel=\"noreferrer noopener\" href=\"https:\/\/www.cdc.gov\/media\/releases\/2021\/p0924-school-masking.html\" target=\"_blank\">drei Studien<\/a>\u00a0ver\u00f6ffentlicht, die eine Wirkung von Masken nachweisen.<\/em>&#171;<\/strong> Da hat wohl jemand des alv-Pr\u00e4sidiums versucht zu recherchieren. <br>Er findet aber nicht die Studien des WHO vom Oktober 2019 oder die WHO-Metastudie vom Juni 2020 oder die grosse Studie des CDC vom Mai 2021. <br>Nein, man findet die 3 Berichte \u00fcber Beobachtungsdaten, aus denen keine Kausali\u00e4t oder Wirkung abgeleitet werden kann, wie das CDC gleich selbst festh\u00e4lt. <br>In einem <a href=\"https:\/\/www.theatlantic.com\/science\/archive\/2021\/12\/mask-guidelines-cdc-walensky\/621035\/\">Artikel in der Zeitschrift &#171;The Atlantic&#187;<\/a> wird festgehalten: <em>&#171;Die Ver\u00f6ffentlichung der Arizona-Studie und ihre Best\u00e4tigung durch die Beh\u00f6rden ist besonders entmutigend. Wie konnte eine Studie mit so vielen offensichtlichen M\u00e4ngeln durch alle Schichten der internen technischen \u00dcberpr\u00fcfung gelangen?&#187;<\/em><br>F\u00fcr den alv sind Studien seri\u00f6s, die ihre Sicht wiedergeben. Ganz offensichtlich ist man nicht in der Lage, die Qualit\u00e4t solcher Arbeiten zu hinterfragen. <\/li><li><strong><em>&#171;Selbst wenn die Wirkung im Einzelfall nur gering ist, so d\u00fcrfte die hohe Zahl an Sch\u00fclerinnen und Sch\u00fcler, welche jeden Tag zur Schule gehen (und oft auch die \u00f6ffentlichen Verkehrsmittel benutzen) bewirken, dass in ihrer Gesamtheit Masken durchaus einen nennenswerten Effekt haben.&#187;<\/em> <\/strong><br>Logik alv: Wir k\u00f6nnen zwar nichts belegen, aber wir vermuten mal &#8211; es d\u00fcrfte bewirken: aber es muss jetzt  unbedingt sein und auch 7-j\u00e4hrige m\u00fcssen jetzt. Alle. Punkt. Und wer das in Frage stellt, ist ein Schwurbler.<\/li><li><em>&#171;<strong>Seri\u00f6se Studien, die Sch\u00e4den bei Kindern durch Masken wissenschaftlich nachweisen, gibt es gem\u00e4ss P\u00e4diatrie Schweiz nicht.<\/strong>&#171;<\/em><br>Wieso ein Kinderarzt-Verband so etwas aussagt und ob P\u00e4diatrie Schweiz \u00fcberhaupt nach solchen Studien gesucht hat, muss offen bleiben. Eine Diskussion \u00fcber die vielen Studien und weshalb P\u00e4diatrie Schweiz diese f\u00fcr unseri\u00f6s und was die Kriterien dazu sind, fehlt leider auf der Webseite von P\u00e4diatrie Schweiz. Evidenzbasiert ist diese Aussage nicht. \u00a0<br>Fakt ist aber: Wir Lehrerinnen und Lehrer sp\u00fcren selbst, dass die Maske den Kinder schadet und der Unterrichtsqualit\u00e4t. Die Behauptung des alv zeugt davon, dass die Behauptenden schon l\u00e4nger nicht mehr mit Kindern zu tun hatten.<\/li><\/ul>\n<div class=\"pvc_clear\"><\/div><p id=\"pvc_stats_130\" class=\"pvc_stats all  \" data-element-id=\"130\" style=\"\"><i class=\"pvc-stats-icon medium\" aria-hidden=\"true\"><svg aria-hidden=\"true\" focusable=\"false\" data-prefix=\"far\" data-icon=\"chart-bar\" role=\"img\" xmlns=\"http:\/\/www.w3.org\/2000\/svg\" viewBox=\"0 0 512 512\" class=\"svg-inline--fa fa-chart-bar fa-w-16 fa-2x\"><path fill=\"currentColor\" d=\"M396.8 352h22.4c6.4 0 12.8-6.4 12.8-12.8V108.8c0-6.4-6.4-12.8-12.8-12.8h-22.4c-6.4 0-12.8 6.4-12.8 12.8v230.4c0 6.4 6.4 12.8 12.8 12.8zm-192 0h22.4c6.4 0 12.8-6.4 12.8-12.8V140.8c0-6.4-6.4-12.8-12.8-12.8h-22.4c-6.4 0-12.8 6.4-12.8 12.8v198.4c0 6.4 6.4 12.8 12.8 12.8zm96 0h22.4c6.4 0 12.8-6.4 12.8-12.8V204.8c0-6.4-6.4-12.8-12.8-12.8h-22.4c-6.4 0-12.8 6.4-12.8 12.8v134.4c0 6.4 6.4 12.8 12.8 12.8zM496 400H48V80c0-8.84-7.16-16-16-16H16C7.16 64 0 71.16 0 80v336c0 17.67 14.33 32 32 32h464c8.84 0 16-7.16 16-16v-16c0-8.84-7.16-16-16-16zm-387.2-48h22.4c6.4 0 12.8-6.4 12.8-12.8v-70.4c0-6.4-6.4-12.8-12.8-12.8h-22.4c-6.4 0-12.8 6.4-12.8 12.8v70.4c0 6.4 6.4 12.8 12.8 12.8z\" class=\"\"><\/path><\/svg><\/i> <img loading=\"lazy\" decoding=\"async\" width=\"16\" height=\"16\" alt=\"Loading\" src=\"https:\/\/masken-info.ch\/wp-content\/plugins\/page-views-count\/ajax-loader-2x.gif\" border=0 \/><\/p><div class=\"pvc_clear\"><\/div>","protected":false},"excerpt":{"rendered":"<p>Sucht man in den Verf\u00fcgungen und Verlautbarungen der Regierung oder leider auch der Lehrerverb\u00e4nde nach evidenzbasierten Grundlagen der verf\u00fcgten bzw. geforderten Maskenpflicht, findet man nichts. Auf das Fehlen der wissenschaftlichen Grundlage angesprochen, hat das BKS des Kanton Aargau sowie der alv Stellung bezogen. Stellungnahme des BKS Kanton Aargau Frage: &#171;An unserem Telefongespr\u00e4ch erw\u00e4hnten Sie, dass &hellip; <a href=\"https:\/\/masken-info.ch\/index.php\/das-sagen-regierung-und-verbaende\/\" class=\"more-link\"><span class=\"screen-reader-text\">Das sagen Regierung und Verb\u00e4nde<\/span> weiterlesen<\/a><\/p>\n<div class=\"pvc_clear\"><\/div>\n<p id=\"pvc_stats_130\" class=\"pvc_stats all  \" data-element-id=\"130\" style=\"\"><i class=\"pvc-stats-icon medium\" aria-hidden=\"true\"><svg aria-hidden=\"true\" focusable=\"false\" data-prefix=\"far\" data-icon=\"chart-bar\" role=\"img\" xmlns=\"http:\/\/www.w3.org\/2000\/svg\" viewBox=\"0 0 512 512\" class=\"svg-inline--fa fa-chart-bar fa-w-16 fa-2x\"><path fill=\"currentColor\" d=\"M396.8 352h22.4c6.4 0 12.8-6.4 12.8-12.8V108.8c0-6.4-6.4-12.8-12.8-12.8h-22.4c-6.4 0-12.8 6.4-12.8 12.8v230.4c0 6.4 6.4 12.8 12.8 12.8zm-192 0h22.4c6.4 0 12.8-6.4 12.8-12.8V140.8c0-6.4-6.4-12.8-12.8-12.8h-22.4c-6.4 0-12.8 6.4-12.8 12.8v198.4c0 6.4 6.4 12.8 12.8 12.8zm96 0h22.4c6.4 0 12.8-6.4 12.8-12.8V204.8c0-6.4-6.4-12.8-12.8-12.8h-22.4c-6.4 0-12.8 6.4-12.8 12.8v134.4c0 6.4 6.4 12.8 12.8 12.8zM496 400H48V80c0-8.84-7.16-16-16-16H16C7.16 64 0 71.16 0 80v336c0 17.67 14.33 32 32 32h464c8.84 0 16-7.16 16-16v-16c0-8.84-7.16-16-16-16zm-387.2-48h22.4c6.4 0 12.8-6.4 12.8-12.8v-70.4c0-6.4-6.4-12.8-12.8-12.8h-22.4c-6.4 0-12.8 6.4-12.8 12.8v70.4c0 6.4 6.4 12.8 12.8 12.8z\" class=\"\"><\/path><\/svg><\/i> <img loading=\"lazy\" decoding=\"async\" width=\"16\" height=\"16\" alt=\"Loading\" src=\"https:\/\/masken-info.ch\/wp-content\/plugins\/page-views-count\/ajax-loader-2x.gif\" border=0 \/><\/p>\n<div class=\"pvc_clear\"><\/div>\n","protected":false},"author":1,"featured_media":0,"parent":0,"menu_order":0,"comment_status":"closed","ping_status":"closed","template":"","meta":{"footnotes":""},"class_list":["post-130","page","type-page","status-publish","hentry"],"a3_pvc":{"activated":true,"total_views":2959,"today_views":0},"yoast_head":"<!-- This site is optimized with the Yoast SEO plugin v27.4 - https:\/\/yoast.com\/product\/yoast-seo-wordpress\/ -->\n<title>Das sagen Regierung und Verb\u00e4nde - Masken-Info<\/title>\n<meta name=\"robots\" content=\"index, follow, max-snippet:-1, max-image-preview:large, max-video-preview:-1\" \/>\n<link rel=\"canonical\" href=\"https:\/\/masken-info.ch\/index.php\/das-sagen-regierung-und-verbaende\/\" \/>\n<meta property=\"og:locale\" content=\"de_DE\" \/>\n<meta property=\"og:type\" content=\"article\" \/>\n<meta property=\"og:title\" content=\"Das sagen Regierung und Verb\u00e4nde - Masken-Info\" \/>\n<meta property=\"og:description\" content=\"Sucht man in den Verf\u00fcgungen und Verlautbarungen der Regierung oder leider auch der Lehrerverb\u00e4nde nach evidenzbasierten Grundlagen der verf\u00fcgten bzw. geforderten Maskenpflicht, findet man nichts. Auf das Fehlen der wissenschaftlichen Grundlage angesprochen, hat das BKS des Kanton Aargau sowie der alv Stellung bezogen. Stellungnahme des BKS Kanton Aargau Frage: &#171;An unserem Telefongespr\u00e4ch erw\u00e4hnten Sie, dass &hellip; Das sagen Regierung und Verb\u00e4nde weiterlesen\" \/>\n<meta property=\"og:url\" content=\"https:\/\/masken-info.ch\/index.php\/das-sagen-regierung-und-verbaende\/\" \/>\n<meta property=\"og:site_name\" content=\"Masken-Info\" \/>\n<meta property=\"article:modified_time\" content=\"2022-01-11T22:04:50+00:00\" \/>\n<meta name=\"twitter:card\" content=\"summary_large_image\" \/>\n<meta name=\"twitter:label1\" content=\"Gesch\u00e4tzte Lesezeit\" \/>\n\t<meta name=\"twitter:data1\" content=\"5\u00a0Minuten\" \/>\n<script type=\"application\/ld+json\" class=\"yoast-schema-graph\">{\"@context\":\"https:\\\/\\\/schema.org\",\"@graph\":[{\"@type\":\"WebPage\",\"@id\":\"https:\\\/\\\/masken-info.ch\\\/index.php\\\/das-sagen-regierung-und-verbaende\\\/\",\"url\":\"https:\\\/\\\/masken-info.ch\\\/index.php\\\/das-sagen-regierung-und-verbaende\\\/\",\"name\":\"Das sagen Regierung und Verb\u00e4nde - Masken-Info\",\"isPartOf\":{\"@id\":\"https:\\\/\\\/masken-info.ch\\\/#website\"},\"datePublished\":\"2021-12-13T13:20:25+00:00\",\"dateModified\":\"2022-01-11T22:04:50+00:00\",\"breadcrumb\":{\"@id\":\"https:\\\/\\\/masken-info.ch\\\/index.php\\\/das-sagen-regierung-und-verbaende\\\/#breadcrumb\"},\"inLanguage\":\"de-CH\",\"potentialAction\":[{\"@type\":\"ReadAction\",\"target\":[\"https:\\\/\\\/masken-info.ch\\\/index.php\\\/das-sagen-regierung-und-verbaende\\\/\"]}]},{\"@type\":\"BreadcrumbList\",\"@id\":\"https:\\\/\\\/masken-info.ch\\\/index.php\\\/das-sagen-regierung-und-verbaende\\\/#breadcrumb\",\"itemListElement\":[{\"@type\":\"ListItem\",\"position\":1,\"name\":\"Home\",\"item\":\"https:\\\/\\\/masken-info.ch\\\/\"},{\"@type\":\"ListItem\",\"position\":2,\"name\":\"Das sagen Regierung und Verb\u00e4nde\"}]},{\"@type\":\"WebSite\",\"@id\":\"https:\\\/\\\/masken-info.ch\\\/#website\",\"url\":\"https:\\\/\\\/masken-info.ch\\\/\",\"name\":\"Masken-Info\",\"description\":\"Informationen gegen Maskenzwang an Schulen\",\"publisher\":{\"@id\":\"https:\\\/\\\/masken-info.ch\\\/#organization\"},\"potentialAction\":[{\"@type\":\"SearchAction\",\"target\":{\"@type\":\"EntryPoint\",\"urlTemplate\":\"https:\\\/\\\/masken-info.ch\\\/?s={search_term_string}\"},\"query-input\":{\"@type\":\"PropertyValueSpecification\",\"valueRequired\":true,\"valueName\":\"search_term_string\"}}],\"inLanguage\":\"de-CH\"},{\"@type\":\"Organization\",\"@id\":\"https:\\\/\\\/masken-info.ch\\\/#organization\",\"name\":\"Masken-Info\",\"url\":\"https:\\\/\\\/masken-info.ch\\\/\",\"logo\":{\"@type\":\"ImageObject\",\"inLanguage\":\"de-CH\",\"@id\":\"https:\\\/\\\/masken-info.ch\\\/#\\\/schema\\\/logo\\\/image\\\/\",\"url\":\"https:\\\/\\\/masken-info.ch\\\/wp-content\\\/uploads\\\/2022\\\/01\\\/cropped-Masken-Info.png\",\"contentUrl\":\"https:\\\/\\\/masken-info.ch\\\/wp-content\\\/uploads\\\/2022\\\/01\\\/cropped-Masken-Info.png\",\"width\":248,\"height\":139,\"caption\":\"Masken-Info\"},\"image\":{\"@id\":\"https:\\\/\\\/masken-info.ch\\\/#\\\/schema\\\/logo\\\/image\\\/\"}}]}<\/script>\n<!-- \/ Yoast SEO plugin. -->","yoast_head_json":{"title":"Das sagen Regierung und Verb\u00e4nde - Masken-Info","robots":{"index":"index","follow":"follow","max-snippet":"max-snippet:-1","max-image-preview":"max-image-preview:large","max-video-preview":"max-video-preview:-1"},"canonical":"https:\/\/masken-info.ch\/index.php\/das-sagen-regierung-und-verbaende\/","og_locale":"de_DE","og_type":"article","og_title":"Das sagen Regierung und Verb\u00e4nde - Masken-Info","og_description":"Sucht man in den Verf\u00fcgungen und Verlautbarungen der Regierung oder leider auch der Lehrerverb\u00e4nde nach evidenzbasierten Grundlagen der verf\u00fcgten bzw. geforderten Maskenpflicht, findet man nichts. Auf das Fehlen der wissenschaftlichen Grundlage angesprochen, hat das BKS des Kanton Aargau sowie der alv Stellung bezogen. Stellungnahme des BKS Kanton Aargau Frage: &#171;An unserem Telefongespr\u00e4ch erw\u00e4hnten Sie, dass &hellip; Das sagen Regierung und Verb\u00e4nde weiterlesen","og_url":"https:\/\/masken-info.ch\/index.php\/das-sagen-regierung-und-verbaende\/","og_site_name":"Masken-Info","article_modified_time":"2022-01-11T22:04:50+00:00","twitter_card":"summary_large_image","twitter_misc":{"Gesch\u00e4tzte Lesezeit":"5\u00a0Minuten"},"schema":{"@context":"https:\/\/schema.org","@graph":[{"@type":"WebPage","@id":"https:\/\/masken-info.ch\/index.php\/das-sagen-regierung-und-verbaende\/","url":"https:\/\/masken-info.ch\/index.php\/das-sagen-regierung-und-verbaende\/","name":"Das sagen Regierung und Verb\u00e4nde - Masken-Info","isPartOf":{"@id":"https:\/\/masken-info.ch\/#website"},"datePublished":"2021-12-13T13:20:25+00:00","dateModified":"2022-01-11T22:04:50+00:00","breadcrumb":{"@id":"https:\/\/masken-info.ch\/index.php\/das-sagen-regierung-und-verbaende\/#breadcrumb"},"inLanguage":"de-CH","potentialAction":[{"@type":"ReadAction","target":["https:\/\/masken-info.ch\/index.php\/das-sagen-regierung-und-verbaende\/"]}]},{"@type":"BreadcrumbList","@id":"https:\/\/masken-info.ch\/index.php\/das-sagen-regierung-und-verbaende\/#breadcrumb","itemListElement":[{"@type":"ListItem","position":1,"name":"Home","item":"https:\/\/masken-info.ch\/"},{"@type":"ListItem","position":2,"name":"Das sagen Regierung und Verb\u00e4nde"}]},{"@type":"WebSite","@id":"https:\/\/masken-info.ch\/#website","url":"https:\/\/masken-info.ch\/","name":"Masken-Info","description":"Informationen gegen Maskenzwang an Schulen","publisher":{"@id":"https:\/\/masken-info.ch\/#organization"},"potentialAction":[{"@type":"SearchAction","target":{"@type":"EntryPoint","urlTemplate":"https:\/\/masken-info.ch\/?s={search_term_string}"},"query-input":{"@type":"PropertyValueSpecification","valueRequired":true,"valueName":"search_term_string"}}],"inLanguage":"de-CH"},{"@type":"Organization","@id":"https:\/\/masken-info.ch\/#organization","name":"Masken-Info","url":"https:\/\/masken-info.ch\/","logo":{"@type":"ImageObject","inLanguage":"de-CH","@id":"https:\/\/masken-info.ch\/#\/schema\/logo\/image\/","url":"https:\/\/masken-info.ch\/wp-content\/uploads\/2022\/01\/cropped-Masken-Info.png","contentUrl":"https:\/\/masken-info.ch\/wp-content\/uploads\/2022\/01\/cropped-Masken-Info.png","width":248,"height":139,"caption":"Masken-Info"},"image":{"@id":"https:\/\/masken-info.ch\/#\/schema\/logo\/image\/"}}]}},"jetpack_sharing_enabled":true,"_links":{"self":[{"href":"https:\/\/masken-info.ch\/index.php\/wp-json\/wp\/v2\/pages\/130","targetHints":{"allow":["GET"]}}],"collection":[{"href":"https:\/\/masken-info.ch\/index.php\/wp-json\/wp\/v2\/pages"}],"about":[{"href":"https:\/\/masken-info.ch\/index.php\/wp-json\/wp\/v2\/types\/page"}],"author":[{"embeddable":true,"href":"https:\/\/masken-info.ch\/index.php\/wp-json\/wp\/v2\/users\/1"}],"replies":[{"embeddable":true,"href":"https:\/\/masken-info.ch\/index.php\/wp-json\/wp\/v2\/comments?post=130"}],"version-history":[{"count":11,"href":"https:\/\/masken-info.ch\/index.php\/wp-json\/wp\/v2\/pages\/130\/revisions"}],"predecessor-version":[{"id":207,"href":"https:\/\/masken-info.ch\/index.php\/wp-json\/wp\/v2\/pages\/130\/revisions\/207"}],"wp:attachment":[{"href":"https:\/\/masken-info.ch\/index.php\/wp-json\/wp\/v2\/media?parent=130"}],"curies":[{"name":"wp","href":"https:\/\/api.w.org\/{rel}","templated":true}]}}