{"id":19,"date":"2020-10-29T22:26:55","date_gmt":"2020-10-29T22:26:55","guid":{"rendered":"http:\/\/masken-info.ch\/?page_id=19"},"modified":"2025-12-14T21:02:40","modified_gmt":"2025-12-14T21:02:40","slug":"pro-maske-studien-debunked","status":"publish","type":"page","link":"https:\/\/masken-info.ch\/index.php\/pro-maske-studien-debunked\/","title":{"rendered":"Gibt es Studien, die einen Nutzen der Maske aufzeigen?"},"content":{"rendered":"\n<p><strong>Die Frage, ob es Studien gibt, die einen Nutzen der Maskenpflicht feststellen, l\u00e4sst sich anhand von Metastudien der WHO kl\u00e4ren.<\/strong><\/p>\n\n\n\n<p>Ein Publikation der WHO vom Oktober 2019 &#171;Nicht-pharmazeutische Ma\u00dfnahmen des \u00f6ffentlichen Gesundheitswesens zur Minderung des Risikos und der Auswirkungen von Epidemien und Grippepandemien&#187;  zeigte den damaligen Stand der wissenschaftlichen Erkenntnisse auf. Auf Seite 26 steht (<a href=\"https:\/\/www.who.int\/publications\/i\/item\/non-pharmaceutical-public-health-measuresfor-mitigating-the-risk-and-impact-of-epidemic-and-pandemic-influenza\">Quelle<\/a>): <\/p>\n\n\n\n<p><\/p>\n\n\n\n<blockquote class=\"wp-block-quote is-layout-flow wp-block-quote-is-layout-flow\">\n<p>GESAMTERGEBNISSE DER STUDIEN \u00dcBER GESICHTSMASKEN<\/p>\n\n\n\n<p>Zehn RCTs wurden in die Meta-Analyse einbezogen, und es gab keine Belege daf\u00fcr, dass Gesichtmasken wirksam sind bei der Reduzierung der \u00dcbertragung der im Labor best\u00e4tigten Influenza.<\/p>\n<\/blockquote>\n\n\n\n<p>Dies ist der Stand des Wissens auf den die Regierungen sich im Fr\u00fchling 2020 mit ihren Aussagen st\u00fctzten, die Maske bringe nichts, u.a. Christian Drosten, der im Januar 2020 im deutschen Fernsehen sagte: &#171;Die technischen Daten der Maske sind nicht gut. Masken halten das Virus nicht auf.&#187;:<\/p>\n\n\n\n<figure class=\"wp-block-video\"><video height=\"720\" style=\"aspect-ratio: 1280 \/ 720;\" width=\"1280\" controls src=\"https:\/\/masken-info.ch\/wp-content\/uploads\/2020\/11\/Prof-Dr-Christian-Drosten-Mit-einer-Maske-ist-das-Virus-nicht-aufzuhalten.mp4\"><\/video><figcaption class=\"wp-element-caption\">Prof Dr Christian Drosten: &#171;Mit einer Maske ist das Virus nicht aufzuhalten&#187;<\/figcaption><\/figure>\n\n\n\n<hr class=\"wp-block-separator has-css-opacity\"\/>\n\n\n\n<figure class=\"wp-block-video\"><video height=\"720\" style=\"aspect-ratio: 1280 \/ 720;\" width=\"1280\" controls src=\"https:\/\/masken-info.ch\/wp-content\/uploads\/2020\/11\/Drosten-2.mp4\"><\/video><figcaption class=\"wp-element-caption\"><strong>\u00abDas ist eine reine Spekulation, dazu gibt es keine wissenschaftlichen Belege\u00bb<\/strong><br>Drosten sagt konstant, dass es keine guten wissenschaftlichen Daten zum Tragen der Maske gibt. Oben im Januar 2020, unten am 9. September 2020 im Bundestag (<a rel=\"noreferrer noopener\" href=\"https:\/\/youtu.be\/AiYOt5TfNhk?t=494\" target=\"_blank\">Quelle<\/a>)<\/figcaption><\/figure>\n\n\n\n<h2 class=\"wp-block-heading\">&#171;Das war doch, weil keine Masken verf\u00fcgbar waren, deshalb sagten die Politiker das einfach&#187;<\/h2>\n\n\n\n<p>Im Sommer 2020 wurden an immer mehr Orten Maskenpflicht eingef\u00fchrt. Dies geschah nicht auf der Basis von neuen wissenschaftlichen Erkenntnissen.<br>Oft h\u00f6rt man die Begr\u00fcndung, dass man im Fr\u00fchling nicht gen\u00fcgend Masken gehabt habe und deshalb die Regierung die Bev\u00f6lkerung in Bezug auf den Nutzen der Maske habe anl\u00fcgen m\u00fcssen. <br>Seltsamerweise nimmt niemand es als problematisch wahr, wenn die Regierung in Bezug auf den Umgang mit einem gef\u00e4hrlichen Virus die Bev\u00f6lkerung angelogen h\u00e4tte. Die Begr\u00fcndung geniesst eine hohe Akzeptanz.<\/p>\n\n\n\n<p>Nur wenige &#171;Experten&#187; haben \u00fcberhaupt behauptet, es habe neue Erkenntnisse gegeben. Die meisten Politiker haben einfach ohne dies zu hinterfragen bzw. zu begr\u00fcnden, die Maskenpflicht eingef\u00fchrt.<\/p>\n\n\n\n<p>Martin Ackermann, der damalige Chef der TaskForce, hat allerdings mehrmals behauptet, es habe neue Erkenntnisse gegeben, ohne diese allerdings zu pr\u00e4sentieren.<\/p>\n\n\n\n<h2 class=\"wp-block-heading\">Die WHO-Metastudie im &#171;The Lancet&#187; vom 1. Juni 2020<\/h2>\n\n\n\n<p>Die WHO hat zur Kl\u00e4rung der Sachlage eine Metastudie bestellt. Diese ist am 1. Juni 2020 im <a href=\"https:\/\/www.thelancet.com\/journals\/lancet\/article\/PIIS0140-6736(20)31142-9\/fulltext\">Journal &#171;The Lancet&#187; erschienen<\/a>. Unter anderen beruft sich das BAG auch auf diese Studie. <br>Die Studie hat entscheidend dazu beigetragen, die globale Gesichtsmaskenpolitik w\u00e4hrend der Covid-19-Pandemie zu ver\u00e4ndern. <\/p>\n\n\n\n<p>Die Meta-Studie betrachtet 172 Studien zum Thema &#171;Nicht-Pharmazeutische Massnahmen&#187; und zeigt den aktuellen Stand der wissenschaftlichen Erkenntnisse auf. <\/p>\n\n\n\n<blockquote class=\"wp-block-quote is-layout-flow wp-block-quote-is-layout-flow\">\n<p>Die Lancet-Meta Studie enth\u00e4lt jedoch keine neuen Erkenntnisse zum Thema Alltagsmaske. Das belegt, dass Aussagen, es g\u00e4be neue Erkenntnisse, nicht zutreffen.<\/p>\n<\/blockquote>\n\n\n\n<p>Denn: Die Lancet-Metastudie enth\u00e4lt zwar 29 Studien zum Thema &#171;Maske&#187;, 26 davon stammen aber aus dem Gesundheitswesen. Nur 3 Studien davon befassen sich mit dem Thema Alltagsmasken: <br>eine davon ist falsch klassiert (geh\u00f6rt auch zum Gesundheitswesen), eine zeigt keinen Nutzen auf und die dritte stammt aus der Zeit von SARS. Keine einzige Studie befasst sich mit Alltagsmasken mit COVID-19. Keine einzige Studie ist ein RCT (w\u00e4hrend die WHO Metastudie vom Oktober 2019 noch 10 RCT&#8217;s enth\u00e4lt, die man offenbar nicht mehr gefunden hat).<\/p>\n\n\n\n<p><strong>Fazit: Die Lancet-Studie zeigt auf, dass per 1. Juni 2020  keine neuen Erkenntnisse zum Nutzen der Alltagsmaske erschienen sind. <\/strong><br>Die Behauptung z.B. von Martin Ackermann, Chef der TaskForce, ist deshalb nachweislich falsch.<\/p>\n\n\n\n<p>In der Presse wurde diese Metastudie vor allem dadurch bekannt, weil sie eine Risikoreduzierung von 80% mit Gesichtsmasken behauptete. Diese Zahl ist allerdings eine massive \u00dcbertreibung. Die Online-Zeitung <strong><em>Infosperber<\/em><\/strong> geht in Ihrem Artikel <strong><a href=\"https:\/\/www.infosperber.ch\/Gesundheit\/Task-Force-tauscht-Offentlichkeit-uber-den-Nutzen-der-Masken\">&#171;Die Covid-19-Task Force \u00fcbertrieb den Nutzen der Masken massiv&#187;<\/a><\/strong> auf diese Problematik ein. <br><a href=\"http:\/\/economicsfaq.com\/retract-the-lancets-and-who-funded-published-study-on-mask-wearing-criticism-of-physical-distancing-face-masks-and-eye-protection-to-prevent-person-to-person-transmissi\/\">Genauer und im Detail beleuchtet wird die Studie hier<\/a>. Fazit: &#171;weak science based on weak science&#187;<\/p>\n\n\n\n<h2 class=\"wp-block-heading\">Aber es gibt doch sicher neuere Erkenntnisse?<\/h2>\n\n\n\n<p>Seit der WHO-Metastudie im 2020 wurden von der Presse etliche Publikationen als &#171;Studien&#187; publiziert, die dann aber in der Regel den Peer Review nicht geschafft haben.  <\/p>\n\n\n\n<blockquote class=\"wp-block-quote is-layout-flow wp-block-quote-is-layout-flow\">\n<p>Man kann unter den Maskenbef\u00fchrwortern fragen, wen man will, man erh\u00e4lt keinen brauchbaren Hinweis bzw. Links der zeigt, dass die Maske n\u00fctzt.<\/p>\n<\/blockquote>\n\n\n\n<p>Eine grosse, leider kaum beachtete Studie der CDC vom 21. Mai 2021 zeigte die immer gleichen Ergebnisse: es gibt keinen statistisch relevanten Effekt der Maskenpflicht sowie allen anderen Massnahmen, welche die Schule betreffen. <a href=\"https:\/\/www.cdc.gov\/mmwr\/volumes\/70\/wr\/mm7021e1.htm?\">(Quelle)<\/a> sowie ein <a href=\"https:\/\/nymag.com\/intelligencer\/2021\/08\/the-science-of-masking-kids-at-school-remains-uncertain.html\">Kommentar der Zeitschrift nymag.com<\/a>:<\/p>\n\n\n\n<blockquote class=\"wp-block-quote is-layout-flow wp-block-quote-is-layout-flow\">\n<p>Andere Ergebnisse der Studie, die ebenso wichtig sind, wurden jedoch in der Zusammenfassung nicht erw\u00e4hnt und sind auch nicht allgemein bekannt. Diese Ergebnisse lassen <strong>Zweifel an der Wirkung vieler der g\u00e4ngigsten Minderungsma\u00dfnahmen<\/strong> in amerikanischen Schulen aufkommen. Distanzierung, hybride Modelle, Barrieren in den Klassenzimmern, HEPA-Filter und vor allem <strong><span class=\"has-inline-color has-medium-pink-color\">die vorgeschriebene Maskierung der Sch\u00fcler hatten keinen statistisch signifikanten Nutzen<\/span><\/strong>. Mit anderen Worten: Diese Ma\u00dfnahmen k\u00f6nnen nicht als wirksam bezeichnet werden.<\/p>\n<\/blockquote>\n\n\n\n<p><a href=\"https:\/\/www.paediatrieschweiz.ch\/news\/covid-19-schulmassnahmen-4-welle\/\">P\u00e4diatrie Schweiz nimmt Bezug auf diese Studie<\/a> mit der Behauptung: &#171;Es gibt zwar Hinweise daf\u00fcr, dass sie im Schulsetting mit moderat weniger \u00dcbertragungen assoziiert sind&#187;. Genau gelesen haben die Autoren die Studie wohl nicht. Die Studie st\u00fctzt diese Behauptung n\u00e4mlich nicht.<\/p>\n\n\n\n<p style=\"font-size:24px\"><strong>3 CDC-Studien, &#171;Arizona-Studie&#187;<\/strong><\/p>\n\n\n\n<p>Der Aargauer Lehrerverband (ALV) f\u00fchrte auf seiner Webseite  <a href=\"https:\/\/alv-ag.ch\/aktuelles?news=35\">3 &#171;Studien der CDC<\/a> auf&#187; auf (<a href=\"https:\/\/masken-info.ch\/index.php\/das-sagen-regierung-und-verbaende\/\">siehe Kommentar hier<\/a>). Diese Berichte von der CDC sind allerdings keine Studien, wie der ALV insinuiert, sondern Berichte \u00fcber Beobachtungsdaten. In der Publikation r\u00e4umt die CDC selbst ein, dass daraus keine Wirkung Kausalit\u00e4t abgeleitet werden kann. <br>Diese CDC-Publikationen leiden ausserdem an z.T. eklatanten methodischen M\u00e4ngeln, wie  etwa <a href=\"https:\/\/www.theatlantic.com\/science\/archive\/2021\/12\/mask-guidelines-cdc-walensky\/621035\/\">hier durch die eigentlich maskenfreundliche Zeitschrift The Atlantic ausf\u00fchrlich aufgezeigt wird<\/a>. U.a. steht da: <br><em>&#171;Die Ver\u00f6ffentlichung der Arizona-Studie und ihre Best\u00e4tigung durch die Beh\u00f6rden ist besonders entmutigend. Wie konnte eine Studie mit so vielen offensichtlichen M\u00e4ngeln durch alle Ebenen der internen technischen \u00dcberpr\u00fcfung gelangen?&#187;<\/em><\/p>\n\n\n\n<h2 class=\"wp-block-heading\">Die Bangladesh-Studie<\/h2>\n\n\n\n<p>Im April 2021 wurde die sogenannte Bangladesh-Studie ver\u00f6ffentlicht. Peter J\u00fcni, Professor of Medicine and Epidemiology, University of Toronto, der im ersten Video auf dieser Webseite <a href=\"https:\/\/masken-info.ch\/index.php\/videos\/\">die Maske noch als Scheinl\u00f6sung und nutzlos bezeichnete<\/a>, behauptet, seine Meinung zur Maske aufgrund der Bangladesh-Studie revidiert zu haben. <br>Es ist hochinteressant, wie ein renommierter Epidemiologe wie J\u00fcni auf solche eine Aussage kommt, denn die Studie leidet unter einer offensichtlich schlechten Methodik und <a href=\"https:\/\/arxiv.org\/abs\/2112.01296\">zeigt bei genauer Betrachtung keinen Nutzen auf.<\/a> <br><em>Ein Reviewer sagt:<\/em><\/p>\n\n\n\n<blockquote class=\"wp-block-quote is-layout-flow wp-block-quote-is-layout-flow\">\n<p> Dies ist eine der schlechtesten Studien, die ich je in irgendeinem Bereich gesehen habe. Sie beweist nichts, ausser der Leichtgl\u00e4ubigkeit vieler Maskenbef\u00fcrworter.<\/p>\n<cite>https:\/\/boriquagato.substack.com\/p\/bangladesh-mask-study-do-not-believe<\/cite><\/blockquote>\n\n\n\n<h2 class=\"wp-block-heading\">Fake Science in zahlreiche Studien und Papers<\/h2>\n\n\n\n<p>Jahrzehntelang haben Studien gezeigt, dass Gesichtsmasken nicht gegen Epidemien von Atemwegsviren wirken. <br>Doch mit dem Ausbruch der Coronavirus-Pandemie und dem zunehmenden politischen Druck erschienen pl\u00f6tzlich Studien, die das Gegenteil behaupteten. In Wirklichkeit handelte es sich bei diesen Studien um eine Mischung aus verf\u00e4lschten Beobachtungsdaten, unrealistischen Modellierungs- und Laborergebnissen und regelrechtem Betrug.<\/p>\n\n\n\n<p>Alle grossen vergleichenden Studien (RTC) von WHO, CDC oder <a href=\"https:\/\/masken-info.ch\/index.php\/studien-welche-zeigen-dass-die-maske-nicht-hilft\/\">der neuen britischen Studie vom britischen Department of Education<\/a> k\u00f6nnen keinen statistisch relevanten Nutzen der Maske nachweisen.<\/p>\n<div class=\"pvc_clear\"><\/div><p id=\"pvc_stats_19\" class=\"pvc_stats all  \" data-element-id=\"19\" style=\"\"><i class=\"pvc-stats-icon medium\" aria-hidden=\"true\"><svg aria-hidden=\"true\" focusable=\"false\" data-prefix=\"far\" data-icon=\"chart-bar\" role=\"img\" xmlns=\"http:\/\/www.w3.org\/2000\/svg\" viewBox=\"0 0 512 512\" class=\"svg-inline--fa fa-chart-bar fa-w-16 fa-2x\"><path fill=\"currentColor\" d=\"M396.8 352h22.4c6.4 0 12.8-6.4 12.8-12.8V108.8c0-6.4-6.4-12.8-12.8-12.8h-22.4c-6.4 0-12.8 6.4-12.8 12.8v230.4c0 6.4 6.4 12.8 12.8 12.8zm-192 0h22.4c6.4 0 12.8-6.4 12.8-12.8V140.8c0-6.4-6.4-12.8-12.8-12.8h-22.4c-6.4 0-12.8 6.4-12.8 12.8v198.4c0 6.4 6.4 12.8 12.8 12.8zm96 0h22.4c6.4 0 12.8-6.4 12.8-12.8V204.8c0-6.4-6.4-12.8-12.8-12.8h-22.4c-6.4 0-12.8 6.4-12.8 12.8v134.4c0 6.4 6.4 12.8 12.8 12.8zM496 400H48V80c0-8.84-7.16-16-16-16H16C7.16 64 0 71.16 0 80v336c0 17.67 14.33 32 32 32h464c8.84 0 16-7.16 16-16v-16c0-8.84-7.16-16-16-16zm-387.2-48h22.4c6.4 0 12.8-6.4 12.8-12.8v-70.4c0-6.4-6.4-12.8-12.8-12.8h-22.4c-6.4 0-12.8 6.4-12.8 12.8v70.4c0 6.4 6.4 12.8 12.8 12.8z\" class=\"\"><\/path><\/svg><\/i> <img loading=\"lazy\" decoding=\"async\" width=\"16\" height=\"16\" alt=\"Loading\" src=\"https:\/\/masken-info.ch\/wp-content\/plugins\/page-views-count\/ajax-loader-2x.gif\" border=0 \/><\/p><div class=\"pvc_clear\"><\/div>","protected":false},"excerpt":{"rendered":"<p>Die Frage, ob es Studien gibt, die einen Nutzen der Maskenpflicht feststellen, l\u00e4sst sich anhand von Metastudien der WHO kl\u00e4ren. Ein Publikation der WHO vom Oktober 2019 &#171;Nicht-pharmazeutische Ma\u00dfnahmen des \u00f6ffentlichen Gesundheitswesens zur Minderung des Risikos und der Auswirkungen von Epidemien und Grippepandemien&#187; zeigte den damaligen Stand der wissenschaftlichen Erkenntnisse auf. Auf Seite 26 steht &hellip; <a href=\"https:\/\/masken-info.ch\/index.php\/pro-maske-studien-debunked\/\" class=\"more-link\"><span class=\"screen-reader-text\">Gibt es Studien, die einen Nutzen der Maske aufzeigen?<\/span> weiterlesen<\/a><\/p>\n<div class=\"pvc_clear\"><\/div>\n<p id=\"pvc_stats_19\" class=\"pvc_stats all  \" data-element-id=\"19\" style=\"\"><i class=\"pvc-stats-icon medium\" aria-hidden=\"true\"><svg aria-hidden=\"true\" focusable=\"false\" data-prefix=\"far\" data-icon=\"chart-bar\" role=\"img\" xmlns=\"http:\/\/www.w3.org\/2000\/svg\" viewBox=\"0 0 512 512\" class=\"svg-inline--fa fa-chart-bar fa-w-16 fa-2x\"><path fill=\"currentColor\" d=\"M396.8 352h22.4c6.4 0 12.8-6.4 12.8-12.8V108.8c0-6.4-6.4-12.8-12.8-12.8h-22.4c-6.4 0-12.8 6.4-12.8 12.8v230.4c0 6.4 6.4 12.8 12.8 12.8zm-192 0h22.4c6.4 0 12.8-6.4 12.8-12.8V140.8c0-6.4-6.4-12.8-12.8-12.8h-22.4c-6.4 0-12.8 6.4-12.8 12.8v198.4c0 6.4 6.4 12.8 12.8 12.8zm96 0h22.4c6.4 0 12.8-6.4 12.8-12.8V204.8c0-6.4-6.4-12.8-12.8-12.8h-22.4c-6.4 0-12.8 6.4-12.8 12.8v134.4c0 6.4 6.4 12.8 12.8 12.8zM496 400H48V80c0-8.84-7.16-16-16-16H16C7.16 64 0 71.16 0 80v336c0 17.67 14.33 32 32 32h464c8.84 0 16-7.16 16-16v-16c0-8.84-7.16-16-16-16zm-387.2-48h22.4c6.4 0 12.8-6.4 12.8-12.8v-70.4c0-6.4-6.4-12.8-12.8-12.8h-22.4c-6.4 0-12.8 6.4-12.8 12.8v70.4c0 6.4 6.4 12.8 12.8 12.8z\" class=\"\"><\/path><\/svg><\/i> <img loading=\"lazy\" decoding=\"async\" width=\"16\" height=\"16\" alt=\"Loading\" src=\"https:\/\/masken-info.ch\/wp-content\/plugins\/page-views-count\/ajax-loader-2x.gif\" border=0 \/><\/p>\n<div class=\"pvc_clear\"><\/div>\n","protected":false},"author":1,"featured_media":0,"parent":0,"menu_order":0,"comment_status":"closed","ping_status":"closed","template":"","meta":{"footnotes":""},"class_list":["post-19","page","type-page","status-publish","hentry"],"a3_pvc":{"activated":true,"total_views":4493,"today_views":0},"yoast_head":"<!-- This site is optimized with the Yoast SEO plugin v27.4 - https:\/\/yoast.com\/product\/yoast-seo-wordpress\/ -->\n<title>Gibt es Studien, die einen Nutzen der Maske aufzeigen? - Masken-Info<\/title>\n<meta name=\"robots\" content=\"index, follow, max-snippet:-1, max-image-preview:large, max-video-preview:-1\" \/>\n<link rel=\"canonical\" href=\"https:\/\/masken-info.ch\/index.php\/pro-maske-studien-debunked\/\" \/>\n<meta property=\"og:locale\" content=\"de_DE\" \/>\n<meta property=\"og:type\" content=\"article\" \/>\n<meta property=\"og:title\" content=\"Gibt es Studien, die einen Nutzen der Maske aufzeigen? - Masken-Info\" \/>\n<meta property=\"og:description\" content=\"Die Frage, ob es Studien gibt, die einen Nutzen der Maskenpflicht feststellen, l\u00e4sst sich anhand von Metastudien der WHO kl\u00e4ren. Ein Publikation der WHO vom Oktober 2019 &#171;Nicht-pharmazeutische Ma\u00dfnahmen des \u00f6ffentlichen Gesundheitswesens zur Minderung des Risikos und der Auswirkungen von Epidemien und Grippepandemien&#187; zeigte den damaligen Stand der wissenschaftlichen Erkenntnisse auf. Auf Seite 26 steht &hellip; Gibt es Studien, die einen Nutzen der Maske aufzeigen? weiterlesen\" \/>\n<meta property=\"og:url\" content=\"https:\/\/masken-info.ch\/index.php\/pro-maske-studien-debunked\/\" \/>\n<meta property=\"og:site_name\" content=\"Masken-Info\" \/>\n<meta property=\"article:modified_time\" content=\"2025-12-14T21:02:40+00:00\" \/>\n<meta name=\"twitter:card\" content=\"summary_large_image\" \/>\n<meta name=\"twitter:label1\" content=\"Gesch\u00e4tzte Lesezeit\" \/>\n\t<meta name=\"twitter:data1\" content=\"6\u00a0Minuten\" \/>\n<script type=\"application\/ld+json\" class=\"yoast-schema-graph\">{\"@context\":\"https:\\\/\\\/schema.org\",\"@graph\":[{\"@type\":\"WebPage\",\"@id\":\"https:\\\/\\\/masken-info.ch\\\/index.php\\\/pro-maske-studien-debunked\\\/\",\"url\":\"https:\\\/\\\/masken-info.ch\\\/index.php\\\/pro-maske-studien-debunked\\\/\",\"name\":\"Gibt es Studien, die einen Nutzen der Maske aufzeigen? - Masken-Info\",\"isPartOf\":{\"@id\":\"https:\\\/\\\/masken-info.ch\\\/#website\"},\"datePublished\":\"2020-10-29T22:26:55+00:00\",\"dateModified\":\"2025-12-14T21:02:40+00:00\",\"breadcrumb\":{\"@id\":\"https:\\\/\\\/masken-info.ch\\\/index.php\\\/pro-maske-studien-debunked\\\/#breadcrumb\"},\"inLanguage\":\"de-CH\",\"potentialAction\":[{\"@type\":\"ReadAction\",\"target\":[\"https:\\\/\\\/masken-info.ch\\\/index.php\\\/pro-maske-studien-debunked\\\/\"]}]},{\"@type\":\"BreadcrumbList\",\"@id\":\"https:\\\/\\\/masken-info.ch\\\/index.php\\\/pro-maske-studien-debunked\\\/#breadcrumb\",\"itemListElement\":[{\"@type\":\"ListItem\",\"position\":1,\"name\":\"Home\",\"item\":\"https:\\\/\\\/masken-info.ch\\\/\"},{\"@type\":\"ListItem\",\"position\":2,\"name\":\"Gibt es Studien, die einen Nutzen der Maske aufzeigen?\"}]},{\"@type\":\"WebSite\",\"@id\":\"https:\\\/\\\/masken-info.ch\\\/#website\",\"url\":\"https:\\\/\\\/masken-info.ch\\\/\",\"name\":\"Masken-Info\",\"description\":\"Informationen gegen Maskenzwang an Schulen\",\"publisher\":{\"@id\":\"https:\\\/\\\/masken-info.ch\\\/#organization\"},\"potentialAction\":[{\"@type\":\"SearchAction\",\"target\":{\"@type\":\"EntryPoint\",\"urlTemplate\":\"https:\\\/\\\/masken-info.ch\\\/?s={search_term_string}\"},\"query-input\":{\"@type\":\"PropertyValueSpecification\",\"valueRequired\":true,\"valueName\":\"search_term_string\"}}],\"inLanguage\":\"de-CH\"},{\"@type\":\"Organization\",\"@id\":\"https:\\\/\\\/masken-info.ch\\\/#organization\",\"name\":\"Masken-Info\",\"url\":\"https:\\\/\\\/masken-info.ch\\\/\",\"logo\":{\"@type\":\"ImageObject\",\"inLanguage\":\"de-CH\",\"@id\":\"https:\\\/\\\/masken-info.ch\\\/#\\\/schema\\\/logo\\\/image\\\/\",\"url\":\"https:\\\/\\\/masken-info.ch\\\/wp-content\\\/uploads\\\/2022\\\/01\\\/cropped-Masken-Info.png\",\"contentUrl\":\"https:\\\/\\\/masken-info.ch\\\/wp-content\\\/uploads\\\/2022\\\/01\\\/cropped-Masken-Info.png\",\"width\":248,\"height\":139,\"caption\":\"Masken-Info\"},\"image\":{\"@id\":\"https:\\\/\\\/masken-info.ch\\\/#\\\/schema\\\/logo\\\/image\\\/\"}}]}<\/script>\n<!-- \/ Yoast SEO plugin. -->","yoast_head_json":{"title":"Gibt es Studien, die einen Nutzen der Maske aufzeigen? - Masken-Info","robots":{"index":"index","follow":"follow","max-snippet":"max-snippet:-1","max-image-preview":"max-image-preview:large","max-video-preview":"max-video-preview:-1"},"canonical":"https:\/\/masken-info.ch\/index.php\/pro-maske-studien-debunked\/","og_locale":"de_DE","og_type":"article","og_title":"Gibt es Studien, die einen Nutzen der Maske aufzeigen? - Masken-Info","og_description":"Die Frage, ob es Studien gibt, die einen Nutzen der Maskenpflicht feststellen, l\u00e4sst sich anhand von Metastudien der WHO kl\u00e4ren. Ein Publikation der WHO vom Oktober 2019 &#171;Nicht-pharmazeutische Ma\u00dfnahmen des \u00f6ffentlichen Gesundheitswesens zur Minderung des Risikos und der Auswirkungen von Epidemien und Grippepandemien&#187; zeigte den damaligen Stand der wissenschaftlichen Erkenntnisse auf. Auf Seite 26 steht &hellip; Gibt es Studien, die einen Nutzen der Maske aufzeigen? weiterlesen","og_url":"https:\/\/masken-info.ch\/index.php\/pro-maske-studien-debunked\/","og_site_name":"Masken-Info","article_modified_time":"2025-12-14T21:02:40+00:00","twitter_card":"summary_large_image","twitter_misc":{"Gesch\u00e4tzte Lesezeit":"6\u00a0Minuten"},"schema":{"@context":"https:\/\/schema.org","@graph":[{"@type":"WebPage","@id":"https:\/\/masken-info.ch\/index.php\/pro-maske-studien-debunked\/","url":"https:\/\/masken-info.ch\/index.php\/pro-maske-studien-debunked\/","name":"Gibt es Studien, die einen Nutzen der Maske aufzeigen? - Masken-Info","isPartOf":{"@id":"https:\/\/masken-info.ch\/#website"},"datePublished":"2020-10-29T22:26:55+00:00","dateModified":"2025-12-14T21:02:40+00:00","breadcrumb":{"@id":"https:\/\/masken-info.ch\/index.php\/pro-maske-studien-debunked\/#breadcrumb"},"inLanguage":"de-CH","potentialAction":[{"@type":"ReadAction","target":["https:\/\/masken-info.ch\/index.php\/pro-maske-studien-debunked\/"]}]},{"@type":"BreadcrumbList","@id":"https:\/\/masken-info.ch\/index.php\/pro-maske-studien-debunked\/#breadcrumb","itemListElement":[{"@type":"ListItem","position":1,"name":"Home","item":"https:\/\/masken-info.ch\/"},{"@type":"ListItem","position":2,"name":"Gibt es Studien, die einen Nutzen der Maske aufzeigen?"}]},{"@type":"WebSite","@id":"https:\/\/masken-info.ch\/#website","url":"https:\/\/masken-info.ch\/","name":"Masken-Info","description":"Informationen gegen Maskenzwang an Schulen","publisher":{"@id":"https:\/\/masken-info.ch\/#organization"},"potentialAction":[{"@type":"SearchAction","target":{"@type":"EntryPoint","urlTemplate":"https:\/\/masken-info.ch\/?s={search_term_string}"},"query-input":{"@type":"PropertyValueSpecification","valueRequired":true,"valueName":"search_term_string"}}],"inLanguage":"de-CH"},{"@type":"Organization","@id":"https:\/\/masken-info.ch\/#organization","name":"Masken-Info","url":"https:\/\/masken-info.ch\/","logo":{"@type":"ImageObject","inLanguage":"de-CH","@id":"https:\/\/masken-info.ch\/#\/schema\/logo\/image\/","url":"https:\/\/masken-info.ch\/wp-content\/uploads\/2022\/01\/cropped-Masken-Info.png","contentUrl":"https:\/\/masken-info.ch\/wp-content\/uploads\/2022\/01\/cropped-Masken-Info.png","width":248,"height":139,"caption":"Masken-Info"},"image":{"@id":"https:\/\/masken-info.ch\/#\/schema\/logo\/image\/"}}]}},"jetpack_sharing_enabled":true,"_links":{"self":[{"href":"https:\/\/masken-info.ch\/index.php\/wp-json\/wp\/v2\/pages\/19","targetHints":{"allow":["GET"]}}],"collection":[{"href":"https:\/\/masken-info.ch\/index.php\/wp-json\/wp\/v2\/pages"}],"about":[{"href":"https:\/\/masken-info.ch\/index.php\/wp-json\/wp\/v2\/types\/page"}],"author":[{"embeddable":true,"href":"https:\/\/masken-info.ch\/index.php\/wp-json\/wp\/v2\/users\/1"}],"replies":[{"embeddable":true,"href":"https:\/\/masken-info.ch\/index.php\/wp-json\/wp\/v2\/comments?post=19"}],"version-history":[{"count":27,"href":"https:\/\/masken-info.ch\/index.php\/wp-json\/wp\/v2\/pages\/19\/revisions"}],"predecessor-version":[{"id":257,"href":"https:\/\/masken-info.ch\/index.php\/wp-json\/wp\/v2\/pages\/19\/revisions\/257"}],"wp:attachment":[{"href":"https:\/\/masken-info.ch\/index.php\/wp-json\/wp\/v2\/media?parent=19"}],"curies":[{"name":"wp","href":"https:\/\/api.w.org\/{rel}","templated":true}]}}