{"id":21,"date":"2020-10-29T22:27:22","date_gmt":"2020-10-29T22:27:22","guid":{"rendered":"http:\/\/masken-info.ch\/?page_id=21"},"modified":"2024-10-17T18:50:00","modified_gmt":"2024-10-17T18:50:00","slug":"studien-und-hinweise-zu-risiken-des-tragens-der-maske","status":"publish","type":"page","link":"https:\/\/masken-info.ch\/index.php\/studien-und-hinweise-zu-risiken-des-tragens-der-maske\/","title":{"rendered":"Studien und Hinweise zu Risiken des Tragens der Maske"},"content":{"rendered":"\n<p><em>&#171;<strong>Seri\u00f6se Studien, die Sch\u00e4den bei Kindern durch Masken wissenschaftlich nachweisen, gibt es gem\u00e4ss P\u00e4diatrie Schweiz nicht.<\/strong><\/em>&#171;, <strong><a href=\"https:\/\/masken-info.ch\/index.php\/das-sagen-regierung-und-verbaende\/\">behauptet der Aargauer Lehrerverband alv<\/a>, allerdings ohne diese Aussage mit einem Link zu belegen. <\/strong><\/p>\n\n\n\n<p><strong>Dass Organisationen wie P\u00e4diatrie Schweiz (und der alv) solche Studien nicht kennen wollen, muss zu denken geben. Viele Arbeiten weisen auf gesundheitliche Sch\u00e4den bei Kindern hin. W\u00e4re es da nicht Pflicht von P\u00e4diatrie Schweiz, diese fundiert kritisch zu analysieren und zu entkr\u00e4ften, wenn sie das k\u00f6nnten?<\/strong><\/p>\n\n\n\n<p><\/p>\n\n\n\n<ul class=\"wp-block-list\">\n<li>Eugen Janzen, Kinderarzt: Bei Kindern, die Maske tragen, haben stark erh\u00f6hte Adrenalin-Werte<\/li>\n\n\n\n<li><a href=\"#1\">Prof. Dr. Ines Kappstein: Mund-Nasen-Schutz in der \u00d6ffentlichkeit: Keine Hinweise f\u00fcr eine Wirksamkeit.<\/a><\/li>\n\n\n\n<li><a href=\"#2\">US-CDC-Studie: 85% der COVID-19-F\u00e4lle im Juli waren Menschen, die oft oder immer Masken tragen: Maskentr\u00e4ger werden viel \u00f6fter krank als Nichtmaskentr\u00e4ger.<\/a><\/li>\n\n\n\n<li><a href=\"#3\">Einf\u00fchrung einer Maskenpflicht steht auffallend oft am Anfang eines starken Anstiegs der Zahlen.<\/a><\/li>\n<\/ul>\n\n\n\n<h2 class=\"wp-block-heading\">Eugen Janzen, Kinderarzt: Kinder, die Maske tragen, haben stark erh\u00f6hte Adrenalin-Werte<\/h2>\n\n\n\n<div class=\"wp-block-media-text alignwide is-stacked-on-mobile\"><figure class=\"wp-block-media-text__media\"><video controls src=\"https:\/\/masken-info.ch\/wp-content\/uploads\/2021\/02\/Kinderarzt_Eugen_Janzen.mp4\"><\/video><\/figure><div class=\"wp-block-media-text__content\">\n<p style=\"font-size:18px\">Kinderarzt Eugen Janzen vermutet stark erh\u00f6hte Adrenalin-Werte bei Kindern, die Maske tragen und belegt seine Vermutung mit einer eigenen Studie.<\/p>\n\n\n\n<p>Seine Ergebnisse wurden bereits 2008 vom Umweltbundesamt belegt.<\/p>\n<\/div><\/div>\n\n\n\n<p>Eugen Janzen hat seine Ergebnisse <a href=\"https:\/\/masken-info.ch\/wp-content\/uploads\/2022\/01\/Eugen-Janzen-Kinderarzt.pdf\">hier schriftlich ver\u00f6ffentlicht<\/a>.<\/p>\n\n\n\n<p>Leider werden diese Erkenntnisse ignoriert, auch von zahlreichen Kinder\u00e4rzten. Diese sagen dann, sie h\u00e4tten &#171;keine belastbaren Studien&#187;. Wenn Sie alles ignorieren, was nicht passt, bzw. nicht danach suchen, haben sie tats\u00e4chlich keine.<br>Eine kritische Auseinandersetzung mit den Ergebnissen Janzen&#8217;s gibt es nicht.<\/p>\n\n\n\n<h2 class=\"wp-block-heading\" id=\"Mund-Nasen-Schutz-in-der-\u00d6ffentlichkeit\">Mund-Nasen-Schutz in der \u00d6ffentlichkeit: Keine Hinweise f\u00fcr eine Wirksamkeit<\/h2>\n\n\n\n<p><em><a href=\"https:\/\/www.klinikum-passau.de\/kliniken-institute\/hygiene\/leitung\">Prof. Dr. Ines Kappstein, Krankenhaushygienikerin<\/a><\/em><br>Verantwortlicher Herausgeber dieser Rubrik: Wissenschaftlich verantwortlich gem\u00e4\u00df Zertifizierungsbestimmungen f\u00fcr diesen Beitrag ist PD Dr. med. Roland Schulze-R\u00f6bbecke, Aachen.<\/p>\n\n\n\n<p>Link:<br><a href=\"https:\/\/www.thieme-connect.com\/products\/ejournals\/abstract\/10.1055\/a-1174-6591\">https:\/\/www.thieme-connect.com\/products\/ejournals\/abstract\/10.1055\/a-1174-6591<\/a><\/p>\n\n\n\n<div class=\"wp-block-file\"><a id=\"wp-block-file--media-f21b6439-873c-4bfa-b686-1a5abf12e2f0\" href=\"https:\/\/masken-info.ch\/wp-content\/uploads\/2020\/10\/Mund-Nasen-Schutz-in-der-Oeffentlichkeit.pdf\">Mund-Nasen-Schutz in der \u00d6ffentlichkeit<\/a><a href=\"https:\/\/masken-info.ch\/wp-content\/uploads\/2020\/10\/Mund-Nasen-Schutz-in-der-Oeffentlichkeit.pdf\" class=\"wp-block-file__button wp-element-button\" download aria-describedby=\"wp-block-file--media-f21b6439-873c-4bfa-b686-1a5abf12e2f0\">Herunterladen<\/a><\/div>\n\n\n\n<p><strong>FAZIT<\/strong><\/p>\n\n\n\n<p>Aus einer Maskenpflicht f\u00fcr viele Millionen B\u00fcrger in Deutschland k\u00f6nnen jeden Tag <strong>zig-millionenfache Kontaminationen resultieren,<\/strong> die zu einem wesentlichen Teil vermeidbar w\u00e4ren, weil die ohnehin schon h\u00e4ufigen Hand-Gesichts-Kontakte der Menschen <strong>durch die Maskenpflicht noch h\u00e4ufiger werden<\/strong>, H\u00e4ndewaschen unterwegs aber nur ausnahmsweise m\u00f6glich ist. Dabei besteht das Risiko, dass der \u2013 schon zwangsl\u00e4ufig&nbsp;\u2013 unsachgem\u00e4\u00dfe Umgang mit der Maske und die erh\u00f6hte Tendenz, sich selbst ins Gesicht zu fassen, w\u00e4hrend man die Maske tr\u00e4gt, tats\u00e4chlich <strong>das Risiko einer Erregerverbreitung und damit Erreger\u00fcbertragung noch erh\u00f6ht<\/strong> \u2013 ein Risiko, das man doch aber gerade durch die Maske reduzieren will.<\/p>\n\n\n\n<p>Eine Maskenpflicht vermittelt<strong> ein falsches Sicherheitsgef\u00fchl<\/strong>, und ein falsches Sicherheitsgef\u00fchl ist immer ein Sicherheitsrisiko.<\/p>\n\n\n\n<p><strong>KERNAUSSAGEN<\/strong><\/p>\n\n\n\n<ul class=\"wp-block-list\">\n<li>Bei zahlreichen Virusinfektionen beginnt die Erregerausscheidung am Ende der Inkubationszeit, also bevor Krankheitssymptome zu bemerken sind. Dies ist z.\u200aB. auch von der Influenza bekannt, weshalb man auch bei COVID-19 schon zu Beginn der Pandemie davon h\u00e4tte ausgehen k\u00f6nnen.<\/li>\n\n\n\n<li>Bei Auswertung der vom RKI f\u00fcr dessen \u201eNeubewertung\u201c von Masken im \u00f6ffentlichen Raum angef\u00fchrten Publikationen zeigt sich, dass es <strong>keine wissenschaftliche Grundlage<\/strong> gibt, mit der der Gebrauch von Masken (gleich welcher Art) in der \u00d6ffentlichkeit bei nahezu der gesamten Bev\u00f6lkerung von Deutschland (abz\u00fcglich der Kinder bis 6 Jahre ca. 80 Mio. Menschen) gerechtfertigt werden kann, und aktuelle Untersuchungen zeigen das Gleiche.<\/li>\n\n\n\n<li>Im Gegenteil kann eine Maskenpflicht f\u00fcr viele Millionen Menschen im \u00f6ffentlichen Raum sogar <strong>zu einem Infektionsrisiko <\/strong>werden, weil die erforderliche H\u00e4ndehygiene nicht eingehalten werden kann.<\/li>\n\n\n\n<li>Indirekte Erregerkontakte \u00fcber kontaminierte Oberfl\u00e4chen werden durch Masken nicht weniger, sondern kommen <strong>im Gegenteil potenziell h\u00e4ufiger zustande<\/strong> als ohne Masken.<\/li>\n\n\n\n<li>Bei der \u00dcbertragung respiratorischer Viren spielt ein enger (&lt;\u200a1\u200am) Face-to-Face-Kontakt die entscheidende Rolle, der zudem mindestens \u00fcber eine gewisse Zeit (\u2265\u200a15\u200amin) bestehen muss, damit sich ein \u00dcbertragungsrisiko \u00fcberhaupt verwirklichen kann.<\/li>\n\n\n\n<li>Die meisten Kontakte im \u00f6ffentlichen Raum sind zum einen keine Face-to-Face-Kontakte. Zum anderen dauern sie, selbst wenn sie dennoch stattfinden, meist k\u00fcrzer als 15\u200amin, sodass eine effektive \u00dcbertragung infekti\u00f6ser Tr\u00f6pfchen in diesen Situationen sehr unwahrscheinlich erscheint.<\/li>\n\n\n\n<li>Abstand halten bei Gespr\u00e4chen sch\u00fctzt vor direkten Erregerkontakten und macht das Tragen von Masken \u00fcberfl\u00fcssig.<\/li>\n<\/ul>\n\n\n\n<hr class=\"wp-block-separator has-css-opacity\"\/>\n\n\n\n<h2 class=\"wp-block-heading\">&#171;Gef\u00e4hrdung durch die Verwendung einer Mund- Nasen-Bedeckung (MNB) bei Kindern und Jugendlichen&#187;<br>Recherche der Literatur und der vorhandenen Regelungen<\/h2>\n\n\n\n<p>In dieser Zusammenstellung werden verschiedene Aspekte aufgezeigt, welche h\u00f6chste Beachtung ben\u00f6tigen. Ein grobes Gesundheitsrisiko f\u00fcr Kinder kann nicht ausgeschlossen werden, es ist sogar h\u00f6chst wahrscheinlich.<\/p>\n\n\n\n<p><strong>Fazit:<\/strong> Die vorliegenden Daten weisen auf ein sehr wahrscheinliches und unzumutbares Risiko insbesondere f\u00fcr Kinder hin. Man wei\u00df nicht, welche Maskenarten verwendet werden, welche Druckdifferenzen entstehen und \/ oder ob Kinder an Vorerkrankungen leiden.&nbsp;<strong>Gesundheitliche Sch\u00e4den sind nicht auszuschliessen<\/strong>.<\/p>\n\n\n\n<p>Kinder tragen die Masken ohne Unterbrechung und sogar l\u00e4nger als Erwachsene es im beruflichen Leben (im Rahmen der arbeitsmedizinischen Regeln und Verordnungen) d\u00fcrfen!&nbsp;<strong>Ein striktes VERBOT f\u00fcr Masken bei Kindern und Jugendlichen ist daher angezeigt, bis ein Unbedenklichkeitsnachweis erbracht wurde.<\/strong><\/p>\n\n\n\n<div class=\"wp-block-file\"><a id=\"wp-block-file--media-7c0e1341-788d-49ee-b565-407e47d41957\" href=\"https:\/\/masken-info.ch\/wp-content\/uploads\/2020\/11\/20201105_Gefaehrd_MNB_Kinder_Final_Corr.pdf\">Gef\u00e4hrdung MNB Kinder<\/a><a href=\"https:\/\/masken-info.ch\/wp-content\/uploads\/2020\/11\/20201105_Gefaehrd_MNB_Kinder_Final_Corr.pdf\" class=\"wp-block-file__button wp-element-button\" download aria-describedby=\"wp-block-file--media-7c0e1341-788d-49ee-b565-407e47d41957\">Herunterladen<\/a><\/div>\n\n\n\n<hr class=\"wp-block-separator has-css-opacity\"\/>\n\n\n\n<p class=\"has-large-font-size\"> <a id=\"2><\/><strong\"><strong>US-CDC-Studie: 85% der COVID-19-F\u00e4lle im Juli 2020 waren Menschen, die oft oder immer Masken tragen<\/strong><\/a><\/p>\n\n\n\n<blockquote class=\"wp-block-quote is-layout-flow wp-block-quote-is-layout-flow\">\n<p>Die Studie zeigt, dass je mehr krank wird, desto mehr die Maske getragen wird. Die Maske selbst macht krank.<\/p>\n<\/blockquote>\n\n\n\n<p>Mehr als 70% der ambulanten Personen, die positiv getestet wurden, gaben an, immer Masken zu tragen.<br>Eine Umfrage, die von \u00fcber einem Dutzend medizinischer Einrichtungen f\u00fcr die CDC durchgef\u00fchrt und im Wochenbericht \u00fcber Morbidit\u00e4t und Mortalit\u00e4t vom 11. September ver\u00f6ffentlicht wurde, zeigte, dass 85% der Personen, die sich im Juli in der Studiengruppe mit COVID-19 infizierten, innerhalb der 14 Tage vor ihrer Ansteckung entweder &#171;immer&#187; oder &#171;oft&#187; eine Gesichtsabdeckung trugen. Mehr als 70% der ambulant behandelten Personen, die positiv getestet wurden, gaben an, immer Masken zu tragen. Nur 3,9% gaben an, nie eine Maske zu tragen. (<a href=\"https:\/\/www.cdc.gov\/mmwr\/volumes\/69\/wr\/pdfs\/mm6936a5-H.pdf\">Quelle<\/a>)<\/p>\n\n\n\n<hr class=\"wp-block-separator has-css-opacity\"\/>\n\n\n\n<div class=\"wp-block-group\"><div class=\"wp-block-group__inner-container is-layout-flow wp-block-group-is-layout-flow\">\n<p class=\"has-large-font-size\"><a id=\"3\"><\/a><strong>Einf\u00fchrung einer Maskenpflicht steht auffallend oft am Anfang eines starken Anstiegs der Zahlen<\/strong><\/p>\n<\/div><\/div>\n\n\n\n<p>In vielen Staaten begannen die Infektionen nach der Einf\u00fchrung von Maskenmandaten zuzunehmen. Die folgende Grafik zeigt das sehr typische Beispiel Frankreichs. Weitere Beispiele sind Kalifornien, Florida, Hawaii, Argentinien, Peru, die Philippinen, Spanien, Italien, Grossbritannien, Israel, Japan, die Schweiz, Kanton Waadt.<\/p>\n\n\n\n<figure class=\"wp-block-image size-large\"><img loading=\"lazy\" decoding=\"async\" width=\"768\" height=\"427\" src=\"https:\/\/masken-info.ch\/wp-content\/uploads\/2020\/10\/france-masks-cases2-e1600240628130-768x428-1.jpg\" alt=\"\" class=\"wp-image-80\" srcset=\"https:\/\/masken-info.ch\/wp-content\/uploads\/2020\/10\/france-masks-cases2-e1600240628130-768x428-1.jpg 768w, https:\/\/masken-info.ch\/wp-content\/uploads\/2020\/10\/france-masks-cases2-e1600240628130-768x428-1-300x167.jpg 300w\" sizes=\"auto, (max-width: 768px) 100vw, 768px\" \/><\/figure>\n\n\n\n<p><\/p>\n\n\n\n<h2 class=\"wp-block-heading\"><strong>Kohlendioxid bei Kindern unter der Gesichtsmaske \u2013 eine experimentelle Messstudie<\/strong><\/h2>\n\n\n\n<p>In dieser Studie wurden CO<sub>2<\/sub> Messungen bei Kindern durchgef\u00fchrt. Ausgehend von einer grossen deutsche Befragung zu Nebenwirkungen von MNB bei 25\u2019930 Kindern und deren Eltern hat gezeigt, dass 68% der Kinder \u00fcber Probleme berichten. Ein erh\u00f6hter Kohlendioxid-Gehalt in der Atemluft k\u00f6nnte das erkl\u00e4ren.<br>Der normale Kohlendioxidgehalt der Atemluft im Freien ist etwa 0.04 Volumen % (also 400 parts per million\/ppm). 0.2 Vol% oder 2\u2019000 ppm ist lt. Umweltbundesamt die Obergrenze dessen, was in geschlossenen R\u00e4umen noch gesundheitlich akzeptabel ist. Alles, was dar\u00fcber hinaus geht, ist inakzeptabel.<br><a href=\"https:\/\/masken-info.ch\/wp-content\/uploads\/2022\/01\/Kohlendioxid-unter-Gesichtsmasken-bei-Kindern-Eine-experimentelle-Studie-04-202116687.pdf\">Die Studie ist hier zu finden.<\/a><\/p>\n<div class=\"pvc_clear\"><\/div><p id=\"pvc_stats_21\" class=\"pvc_stats all  \" data-element-id=\"21\" style=\"\"><i class=\"pvc-stats-icon medium\" aria-hidden=\"true\"><svg aria-hidden=\"true\" focusable=\"false\" data-prefix=\"far\" data-icon=\"chart-bar\" role=\"img\" xmlns=\"http:\/\/www.w3.org\/2000\/svg\" viewBox=\"0 0 512 512\" class=\"svg-inline--fa fa-chart-bar fa-w-16 fa-2x\"><path fill=\"currentColor\" d=\"M396.8 352h22.4c6.4 0 12.8-6.4 12.8-12.8V108.8c0-6.4-6.4-12.8-12.8-12.8h-22.4c-6.4 0-12.8 6.4-12.8 12.8v230.4c0 6.4 6.4 12.8 12.8 12.8zm-192 0h22.4c6.4 0 12.8-6.4 12.8-12.8V140.8c0-6.4-6.4-12.8-12.8-12.8h-22.4c-6.4 0-12.8 6.4-12.8 12.8v198.4c0 6.4 6.4 12.8 12.8 12.8zm96 0h22.4c6.4 0 12.8-6.4 12.8-12.8V204.8c0-6.4-6.4-12.8-12.8-12.8h-22.4c-6.4 0-12.8 6.4-12.8 12.8v134.4c0 6.4 6.4 12.8 12.8 12.8zM496 400H48V80c0-8.84-7.16-16-16-16H16C7.16 64 0 71.16 0 80v336c0 17.67 14.33 32 32 32h464c8.84 0 16-7.16 16-16v-16c0-8.84-7.16-16-16-16zm-387.2-48h22.4c6.4 0 12.8-6.4 12.8-12.8v-70.4c0-6.4-6.4-12.8-12.8-12.8h-22.4c-6.4 0-12.8 6.4-12.8 12.8v70.4c0 6.4 6.4 12.8 12.8 12.8z\" class=\"\"><\/path><\/svg><\/i> <img loading=\"lazy\" decoding=\"async\" width=\"16\" height=\"16\" alt=\"Loading\" src=\"https:\/\/masken-info.ch\/wp-content\/plugins\/page-views-count\/ajax-loader-2x.gif\" border=0 \/><\/p><div class=\"pvc_clear\"><\/div>","protected":false},"excerpt":{"rendered":"<p>&#171;Seri\u00f6se Studien, die Sch\u00e4den bei Kindern durch Masken wissenschaftlich nachweisen, gibt es gem\u00e4ss P\u00e4diatrie Schweiz nicht.&#171;, behauptet der Aargauer Lehrerverband alv, allerdings ohne diese Aussage mit einem Link zu belegen. Dass Organisationen wie P\u00e4diatrie Schweiz (und der alv) solche Studien nicht kennen wollen, muss zu denken geben. Viele Arbeiten weisen auf gesundheitliche Sch\u00e4den bei Kindern &hellip; <a href=\"https:\/\/masken-info.ch\/index.php\/studien-und-hinweise-zu-risiken-des-tragens-der-maske\/\" class=\"more-link\"><span class=\"screen-reader-text\">Studien und Hinweise zu Risiken des Tragens der Maske<\/span> weiterlesen<\/a><\/p>\n<div class=\"pvc_clear\"><\/div>\n<p id=\"pvc_stats_21\" class=\"pvc_stats all  \" data-element-id=\"21\" style=\"\"><i class=\"pvc-stats-icon medium\" aria-hidden=\"true\"><svg aria-hidden=\"true\" focusable=\"false\" data-prefix=\"far\" data-icon=\"chart-bar\" role=\"img\" xmlns=\"http:\/\/www.w3.org\/2000\/svg\" viewBox=\"0 0 512 512\" class=\"svg-inline--fa fa-chart-bar fa-w-16 fa-2x\"><path fill=\"currentColor\" d=\"M396.8 352h22.4c6.4 0 12.8-6.4 12.8-12.8V108.8c0-6.4-6.4-12.8-12.8-12.8h-22.4c-6.4 0-12.8 6.4-12.8 12.8v230.4c0 6.4 6.4 12.8 12.8 12.8zm-192 0h22.4c6.4 0 12.8-6.4 12.8-12.8V140.8c0-6.4-6.4-12.8-12.8-12.8h-22.4c-6.4 0-12.8 6.4-12.8 12.8v198.4c0 6.4 6.4 12.8 12.8 12.8zm96 0h22.4c6.4 0 12.8-6.4 12.8-12.8V204.8c0-6.4-6.4-12.8-12.8-12.8h-22.4c-6.4 0-12.8 6.4-12.8 12.8v134.4c0 6.4 6.4 12.8 12.8 12.8zM496 400H48V80c0-8.84-7.16-16-16-16H16C7.16 64 0 71.16 0 80v336c0 17.67 14.33 32 32 32h464c8.84 0 16-7.16 16-16v-16c0-8.84-7.16-16-16-16zm-387.2-48h22.4c6.4 0 12.8-6.4 12.8-12.8v-70.4c0-6.4-6.4-12.8-12.8-12.8h-22.4c-6.4 0-12.8 6.4-12.8 12.8v70.4c0 6.4 6.4 12.8 12.8 12.8z\" class=\"\"><\/path><\/svg><\/i> <img loading=\"lazy\" decoding=\"async\" width=\"16\" height=\"16\" alt=\"Loading\" src=\"https:\/\/masken-info.ch\/wp-content\/plugins\/page-views-count\/ajax-loader-2x.gif\" border=0 \/><\/p>\n<div class=\"pvc_clear\"><\/div>\n","protected":false},"author":1,"featured_media":0,"parent":0,"menu_order":0,"comment_status":"closed","ping_status":"closed","template":"","meta":{"footnotes":""},"class_list":["post-21","page","type-page","status-publish","hentry"],"yoast_head":"<!-- This site is optimized with the Yoast SEO plugin v27.3 - https:\/\/yoast.com\/product\/yoast-seo-wordpress\/ -->\n<title>Studien und Hinweise zu Risiken des Tragens der Maske - Masken-Info<\/title>\n<meta name=\"robots\" content=\"index, follow, max-snippet:-1, max-image-preview:large, max-video-preview:-1\" \/>\n<link rel=\"canonical\" href=\"https:\/\/masken-info.ch\/index.php\/studien-und-hinweise-zu-risiken-des-tragens-der-maske\/\" \/>\n<meta property=\"og:locale\" content=\"de_DE\" \/>\n<meta property=\"og:type\" content=\"article\" \/>\n<meta property=\"og:title\" content=\"Studien und Hinweise zu Risiken des Tragens der Maske - Masken-Info\" \/>\n<meta property=\"og:description\" content=\"&#171;Seri\u00f6se Studien, die Sch\u00e4den bei Kindern durch Masken wissenschaftlich nachweisen, gibt es gem\u00e4ss P\u00e4diatrie Schweiz nicht.&#171;, behauptet der Aargauer Lehrerverband alv, allerdings ohne diese Aussage mit einem Link zu belegen. Dass Organisationen wie P\u00e4diatrie Schweiz (und der alv) solche Studien nicht kennen wollen, muss zu denken geben. Viele Arbeiten weisen auf gesundheitliche Sch\u00e4den bei Kindern &hellip; Studien und Hinweise zu Risiken des Tragens der Maske weiterlesen\" \/>\n<meta property=\"og:url\" content=\"https:\/\/masken-info.ch\/index.php\/studien-und-hinweise-zu-risiken-des-tragens-der-maske\/\" \/>\n<meta property=\"og:site_name\" content=\"Masken-Info\" \/>\n<meta property=\"article:modified_time\" content=\"2024-10-17T18:50:00+00:00\" \/>\n<meta property=\"og:image\" content=\"https:\/\/masken-info.ch\/wp-content\/uploads\/2020\/10\/france-masks-cases2-e1600240628130-768x428-1.jpg\" \/>\n<meta name=\"twitter:card\" content=\"summary_large_image\" \/>\n<meta name=\"twitter:label1\" content=\"Gesch\u00e4tzte Lesezeit\" \/>\n\t<meta name=\"twitter:data1\" content=\"6\u00a0Minuten\" \/>\n<script type=\"application\/ld+json\" class=\"yoast-schema-graph\">{\"@context\":\"https:\\\/\\\/schema.org\",\"@graph\":[{\"@type\":\"WebPage\",\"@id\":\"https:\\\/\\\/masken-info.ch\\\/index.php\\\/studien-und-hinweise-zu-risiken-des-tragens-der-maske\\\/\",\"url\":\"https:\\\/\\\/masken-info.ch\\\/index.php\\\/studien-und-hinweise-zu-risiken-des-tragens-der-maske\\\/\",\"name\":\"Studien und Hinweise zu Risiken des Tragens der Maske - Masken-Info\",\"isPartOf\":{\"@id\":\"https:\\\/\\\/masken-info.ch\\\/#website\"},\"primaryImageOfPage\":{\"@id\":\"https:\\\/\\\/masken-info.ch\\\/index.php\\\/studien-und-hinweise-zu-risiken-des-tragens-der-maske\\\/#primaryimage\"},\"image\":{\"@id\":\"https:\\\/\\\/masken-info.ch\\\/index.php\\\/studien-und-hinweise-zu-risiken-des-tragens-der-maske\\\/#primaryimage\"},\"thumbnailUrl\":\"https:\\\/\\\/masken-info.ch\\\/wp-content\\\/uploads\\\/2020\\\/10\\\/france-masks-cases2-e1600240628130-768x428-1.jpg\",\"datePublished\":\"2020-10-29T22:27:22+00:00\",\"dateModified\":\"2024-10-17T18:50:00+00:00\",\"breadcrumb\":{\"@id\":\"https:\\\/\\\/masken-info.ch\\\/index.php\\\/studien-und-hinweise-zu-risiken-des-tragens-der-maske\\\/#breadcrumb\"},\"inLanguage\":\"de-CH\",\"potentialAction\":[{\"@type\":\"ReadAction\",\"target\":[\"https:\\\/\\\/masken-info.ch\\\/index.php\\\/studien-und-hinweise-zu-risiken-des-tragens-der-maske\\\/\"]}]},{\"@type\":\"ImageObject\",\"inLanguage\":\"de-CH\",\"@id\":\"https:\\\/\\\/masken-info.ch\\\/index.php\\\/studien-und-hinweise-zu-risiken-des-tragens-der-maske\\\/#primaryimage\",\"url\":\"https:\\\/\\\/masken-info.ch\\\/wp-content\\\/uploads\\\/2020\\\/10\\\/france-masks-cases2-e1600240628130-768x428-1.jpg\",\"contentUrl\":\"https:\\\/\\\/masken-info.ch\\\/wp-content\\\/uploads\\\/2020\\\/10\\\/france-masks-cases2-e1600240628130-768x428-1.jpg\",\"width\":768,\"height\":427},{\"@type\":\"BreadcrumbList\",\"@id\":\"https:\\\/\\\/masken-info.ch\\\/index.php\\\/studien-und-hinweise-zu-risiken-des-tragens-der-maske\\\/#breadcrumb\",\"itemListElement\":[{\"@type\":\"ListItem\",\"position\":1,\"name\":\"Home\",\"item\":\"https:\\\/\\\/masken-info.ch\\\/\"},{\"@type\":\"ListItem\",\"position\":2,\"name\":\"Studien und Hinweise zu Risiken des Tragens der Maske\"}]},{\"@type\":\"WebSite\",\"@id\":\"https:\\\/\\\/masken-info.ch\\\/#website\",\"url\":\"https:\\\/\\\/masken-info.ch\\\/\",\"name\":\"Masken-Info\",\"description\":\"Informationen gegen Maskenzwang an Schulen\",\"publisher\":{\"@id\":\"https:\\\/\\\/masken-info.ch\\\/#organization\"},\"potentialAction\":[{\"@type\":\"SearchAction\",\"target\":{\"@type\":\"EntryPoint\",\"urlTemplate\":\"https:\\\/\\\/masken-info.ch\\\/?s={search_term_string}\"},\"query-input\":{\"@type\":\"PropertyValueSpecification\",\"valueRequired\":true,\"valueName\":\"search_term_string\"}}],\"inLanguage\":\"de-CH\"},{\"@type\":\"Organization\",\"@id\":\"https:\\\/\\\/masken-info.ch\\\/#organization\",\"name\":\"Masken-Info\",\"url\":\"https:\\\/\\\/masken-info.ch\\\/\",\"logo\":{\"@type\":\"ImageObject\",\"inLanguage\":\"de-CH\",\"@id\":\"https:\\\/\\\/masken-info.ch\\\/#\\\/schema\\\/logo\\\/image\\\/\",\"url\":\"https:\\\/\\\/masken-info.ch\\\/wp-content\\\/uploads\\\/2022\\\/01\\\/cropped-Masken-Info.png\",\"contentUrl\":\"https:\\\/\\\/masken-info.ch\\\/wp-content\\\/uploads\\\/2022\\\/01\\\/cropped-Masken-Info.png\",\"width\":248,\"height\":139,\"caption\":\"Masken-Info\"},\"image\":{\"@id\":\"https:\\\/\\\/masken-info.ch\\\/#\\\/schema\\\/logo\\\/image\\\/\"}}]}<\/script>\n<!-- \/ Yoast SEO plugin. -->","yoast_head_json":{"title":"Studien und Hinweise zu Risiken des Tragens der Maske - Masken-Info","robots":{"index":"index","follow":"follow","max-snippet":"max-snippet:-1","max-image-preview":"max-image-preview:large","max-video-preview":"max-video-preview:-1"},"canonical":"https:\/\/masken-info.ch\/index.php\/studien-und-hinweise-zu-risiken-des-tragens-der-maske\/","og_locale":"de_DE","og_type":"article","og_title":"Studien und Hinweise zu Risiken des Tragens der Maske - Masken-Info","og_description":"&#171;Seri\u00f6se Studien, die Sch\u00e4den bei Kindern durch Masken wissenschaftlich nachweisen, gibt es gem\u00e4ss P\u00e4diatrie Schweiz nicht.&#171;, behauptet der Aargauer Lehrerverband alv, allerdings ohne diese Aussage mit einem Link zu belegen. Dass Organisationen wie P\u00e4diatrie Schweiz (und der alv) solche Studien nicht kennen wollen, muss zu denken geben. Viele Arbeiten weisen auf gesundheitliche Sch\u00e4den bei Kindern &hellip; Studien und Hinweise zu Risiken des Tragens der Maske weiterlesen","og_url":"https:\/\/masken-info.ch\/index.php\/studien-und-hinweise-zu-risiken-des-tragens-der-maske\/","og_site_name":"Masken-Info","article_modified_time":"2024-10-17T18:50:00+00:00","og_image":[{"url":"https:\/\/masken-info.ch\/wp-content\/uploads\/2020\/10\/france-masks-cases2-e1600240628130-768x428-1.jpg","type":"","width":"","height":""}],"twitter_card":"summary_large_image","twitter_misc":{"Gesch\u00e4tzte Lesezeit":"6\u00a0Minuten"},"schema":{"@context":"https:\/\/schema.org","@graph":[{"@type":"WebPage","@id":"https:\/\/masken-info.ch\/index.php\/studien-und-hinweise-zu-risiken-des-tragens-der-maske\/","url":"https:\/\/masken-info.ch\/index.php\/studien-und-hinweise-zu-risiken-des-tragens-der-maske\/","name":"Studien und Hinweise zu Risiken des Tragens der Maske - Masken-Info","isPartOf":{"@id":"https:\/\/masken-info.ch\/#website"},"primaryImageOfPage":{"@id":"https:\/\/masken-info.ch\/index.php\/studien-und-hinweise-zu-risiken-des-tragens-der-maske\/#primaryimage"},"image":{"@id":"https:\/\/masken-info.ch\/index.php\/studien-und-hinweise-zu-risiken-des-tragens-der-maske\/#primaryimage"},"thumbnailUrl":"https:\/\/masken-info.ch\/wp-content\/uploads\/2020\/10\/france-masks-cases2-e1600240628130-768x428-1.jpg","datePublished":"2020-10-29T22:27:22+00:00","dateModified":"2024-10-17T18:50:00+00:00","breadcrumb":{"@id":"https:\/\/masken-info.ch\/index.php\/studien-und-hinweise-zu-risiken-des-tragens-der-maske\/#breadcrumb"},"inLanguage":"de-CH","potentialAction":[{"@type":"ReadAction","target":["https:\/\/masken-info.ch\/index.php\/studien-und-hinweise-zu-risiken-des-tragens-der-maske\/"]}]},{"@type":"ImageObject","inLanguage":"de-CH","@id":"https:\/\/masken-info.ch\/index.php\/studien-und-hinweise-zu-risiken-des-tragens-der-maske\/#primaryimage","url":"https:\/\/masken-info.ch\/wp-content\/uploads\/2020\/10\/france-masks-cases2-e1600240628130-768x428-1.jpg","contentUrl":"https:\/\/masken-info.ch\/wp-content\/uploads\/2020\/10\/france-masks-cases2-e1600240628130-768x428-1.jpg","width":768,"height":427},{"@type":"BreadcrumbList","@id":"https:\/\/masken-info.ch\/index.php\/studien-und-hinweise-zu-risiken-des-tragens-der-maske\/#breadcrumb","itemListElement":[{"@type":"ListItem","position":1,"name":"Home","item":"https:\/\/masken-info.ch\/"},{"@type":"ListItem","position":2,"name":"Studien und Hinweise zu Risiken des Tragens der Maske"}]},{"@type":"WebSite","@id":"https:\/\/masken-info.ch\/#website","url":"https:\/\/masken-info.ch\/","name":"Masken-Info","description":"Informationen gegen Maskenzwang an Schulen","publisher":{"@id":"https:\/\/masken-info.ch\/#organization"},"potentialAction":[{"@type":"SearchAction","target":{"@type":"EntryPoint","urlTemplate":"https:\/\/masken-info.ch\/?s={search_term_string}"},"query-input":{"@type":"PropertyValueSpecification","valueRequired":true,"valueName":"search_term_string"}}],"inLanguage":"de-CH"},{"@type":"Organization","@id":"https:\/\/masken-info.ch\/#organization","name":"Masken-Info","url":"https:\/\/masken-info.ch\/","logo":{"@type":"ImageObject","inLanguage":"de-CH","@id":"https:\/\/masken-info.ch\/#\/schema\/logo\/image\/","url":"https:\/\/masken-info.ch\/wp-content\/uploads\/2022\/01\/cropped-Masken-Info.png","contentUrl":"https:\/\/masken-info.ch\/wp-content\/uploads\/2022\/01\/cropped-Masken-Info.png","width":248,"height":139,"caption":"Masken-Info"},"image":{"@id":"https:\/\/masken-info.ch\/#\/schema\/logo\/image\/"}}]}},"jetpack_sharing_enabled":true,"_links":{"self":[{"href":"https:\/\/masken-info.ch\/index.php\/wp-json\/wp\/v2\/pages\/21","targetHints":{"allow":["GET"]}}],"collection":[{"href":"https:\/\/masken-info.ch\/index.php\/wp-json\/wp\/v2\/pages"}],"about":[{"href":"https:\/\/masken-info.ch\/index.php\/wp-json\/wp\/v2\/types\/page"}],"author":[{"embeddable":true,"href":"https:\/\/masken-info.ch\/index.php\/wp-json\/wp\/v2\/users\/1"}],"replies":[{"embeddable":true,"href":"https:\/\/masken-info.ch\/index.php\/wp-json\/wp\/v2\/comments?post=21"}],"version-history":[{"count":21,"href":"https:\/\/masken-info.ch\/index.php\/wp-json\/wp\/v2\/pages\/21\/revisions"}],"predecessor-version":[{"id":254,"href":"https:\/\/masken-info.ch\/index.php\/wp-json\/wp\/v2\/pages\/21\/revisions\/254"}],"wp:attachment":[{"href":"https:\/\/masken-info.ch\/index.php\/wp-json\/wp\/v2\/media?parent=21"}],"curies":[{"name":"wp","href":"https:\/\/api.w.org\/{rel}","templated":true}]}}