{"id":216,"date":"2022-08-13T21:48:55","date_gmt":"2022-08-13T21:48:55","guid":{"rendered":"https:\/\/masken-info.ch\/?page_id=216"},"modified":"2023-12-18T21:26:18","modified_gmt":"2023-12-18T21:26:18","slug":"die-fatale-rolle-von-paediatrie-schweiz","status":"publish","type":"page","link":"https:\/\/masken-info.ch\/index.php\/die-fatale-rolle-von-paediatrie-schweiz\/","title":{"rendered":"Die fatale Rolle von &#171;P\u00e4diatrie Schweiz&#187;"},"content":{"rendered":"\n<p><strong>Regierung und Beh\u00f6rden und Beh\u00f6rden beriefen sich in der Kommunikation immer auf <a href=\"https:\/\/www.paediatrieschweiz.ch\">P\u00e4diatrie Schweiz<\/a>. P\u00e4diatrie Schweiz, also die Kinder\u00e4rzte, vertraten stets die gerade opportune Sicht der Regierung. <br>Das Problem: P\u00e4diatrie Schweiz kommt v\u00f6llig ohne wissenschaftliche Belege aus. <\/strong><\/p>\n\n\n\n<p>Zum Beispiel schrieb das Aargauer BKS: <br>&#171;<em>Betreffend die ger\u00fcgte Sch\u00e4dlichkeit von Gesichtsmasken f\u00fcr Kinder und Jugendliche ist aus epidemiologischer Sicht festzuhalten, dass Masken auch ihnen nicht schaden, was durch die nachfolgend erw\u00e4hnten wissenschaftlichen Grundlagen belegt ist: <\/em><br><em><a href=\"https:\/\/www.paediatrieschweiz.ch\/news\/covid-19-update-maskentragen\/\">Kinder\u00e4rzte: Schweiz: COVID-19: Update zum Maskentragen &#8211; p\u00e4diatrie schweiz&nbsp;<\/a><\/em>&#171;<\/p>\n\n\n\n<p>P\u00e4diatrie Schweiz selbst schreibt in einem anderen Artikel vom 10.1.2022 auf <a href=\"https:\/\/www.paediatrieschweiz.ch\/news\/maskentragen-in-der-primarschule\/\">Ihrer Webseite:<\/a><br><em>&#171;Das Tragen der chirurgischen Maske ist f\u00fcr Sch\u00fcler:innen im Primarschulalter atemphysiologisch unbedenklich. Die Sauerstoffaufnahme und die CO<sub>2<\/sub>-Abgabe werden nicht beeintr\u00e4chtigt.&#187;<\/em><\/p>\n\n\n\n<p>In einem andern Artikel vom 17.11.2020 schreibt P\u00e4diatrie Schweiz:<\/p>\n\n\n\n<ul class=\"wp-block-list\">\n<li>&#171;Atemphysiologisch ist das Tragen einer empfohlenen chirurgischen oder Stoffmaske unbedenklich und im internationalen Konsens ab dem Alter von 2 Jahren sicher.&#187;<\/li>\n\n\n\n<li>&#171;Es gibt aber keine medizinische Kontraindikation. Wir empfehlen deshalb, die lokalen Beh\u00f6rden zu unterst\u00fctzen, wenn sie Maskenpflicht f\u00fcr diesen Altersbereich verf\u00fcgen.&#187;<\/li>\n\n\n\n<li>&#171;Solche Masken verursachen weder Hypox\u00e4mie noch Hyperkapnie.&#187;&nbsp;<\/li>\n<\/ul>\n\n\n\n<p><strong>Geht man nun auf die Suche nach wissenschaftlichen Daten<\/strong>, die solche Aussagen st\u00fctzen w\u00fcrden, findet man vor allem allgemeine Links auf CDC, WHO und Co, wo diese Organisationen das Maskentragen empfehlen.<\/p>\n\n\n\n<p>Der einzige Ort, wo P\u00e4diatrie Schweiz auf wissenschaftliche Daten verweist, ist die <a href=\"https:\/\/cdn.paediatrieschweiz.ch\/production\/uploads\/2021\/02\/2020.11.05-Empfehlungen-Risikogruppen_SGPP-1.pdf\">\u201eStellungnahme der Schweizerischen Gesellschaft f\u00fcr p\u00e4diatrische Pneumologie\u201c<\/a>.<br>Dort steht zu lesen: <br><em>&#171;Es gibt keine wissenschaftliche Evidenz, dass das Tragen von Schutzmasken in den Altersgruppen, f\u00fcr die Maskenpflicht besteht, zu einem relevanten Sauerstoffmangel, zu einer Kohlenstoffdioxidvergiftung oder zu vermehrter Atemwegsobstruktion f\u00fchren k\u00f6nnte.&#187; <\/em><br>An dieser Stelle verweisen die Pneumologen auf zwei Papers:<\/p>\n\n\n\n<ul class=\"wp-block-list\">\n<li><a href=\"https:\/\/www.ncbi.nlm.nih.gov\/pmc\/articles\/PMC7362397\/\">eine Stellungnahme <\/a> der German Respiratory Society (DGP), in der aber das Thema &#171;Gefahren der Maske&#187; gar kein Thema ist.<\/li>\n\n\n\n<li><a href=\"https:\/\/www.ncbi.nlm.nih.gov\/pmc\/articles\/PMC7919152\/\">Eine Studie,<\/a> in der 15 im Durchschnitt 31-j\u00e4hrige \u00c4rzte und 15 pensionierte \u00c4rzte einmal 5 Minuten und einmal 30 Minuten Maske tragen&#8230;.<\/li>\n<\/ul>\n\n\n\n<p><strong>Die gesamte wissenschaftliche Basis der Kinder\u00e4rzte von P\u00e4diatrie Schweiz (und der Kinderpneumologen) f\u00fcr die Behauptung der Unbedenklichkeit und Gefahrlosigkeit der Maske f\u00fcr Kinder ist eine einzige Studie, in der \u00c4rzte einmal 5 Minute und einmal 30 Minuten Maske tragen. <\/strong><\/p>\n\n\n\n<p><br><strong>Mehr Wissenschaft gibt es bei P\u00e4diatrie Schweiz leider nicht.<\/strong><\/p>\n<div class=\"pvc_clear\"><\/div><p id=\"pvc_stats_216\" class=\"pvc_stats all  \" data-element-id=\"216\" style=\"\"><i class=\"pvc-stats-icon medium\" aria-hidden=\"true\"><svg aria-hidden=\"true\" focusable=\"false\" data-prefix=\"far\" data-icon=\"chart-bar\" role=\"img\" xmlns=\"http:\/\/www.w3.org\/2000\/svg\" viewBox=\"0 0 512 512\" class=\"svg-inline--fa fa-chart-bar fa-w-16 fa-2x\"><path fill=\"currentColor\" d=\"M396.8 352h22.4c6.4 0 12.8-6.4 12.8-12.8V108.8c0-6.4-6.4-12.8-12.8-12.8h-22.4c-6.4 0-12.8 6.4-12.8 12.8v230.4c0 6.4 6.4 12.8 12.8 12.8zm-192 0h22.4c6.4 0 12.8-6.4 12.8-12.8V140.8c0-6.4-6.4-12.8-12.8-12.8h-22.4c-6.4 0-12.8 6.4-12.8 12.8v198.4c0 6.4 6.4 12.8 12.8 12.8zm96 0h22.4c6.4 0 12.8-6.4 12.8-12.8V204.8c0-6.4-6.4-12.8-12.8-12.8h-22.4c-6.4 0-12.8 6.4-12.8 12.8v134.4c0 6.4 6.4 12.8 12.8 12.8zM496 400H48V80c0-8.84-7.16-16-16-16H16C7.16 64 0 71.16 0 80v336c0 17.67 14.33 32 32 32h464c8.84 0 16-7.16 16-16v-16c0-8.84-7.16-16-16-16zm-387.2-48h22.4c6.4 0 12.8-6.4 12.8-12.8v-70.4c0-6.4-6.4-12.8-12.8-12.8h-22.4c-6.4 0-12.8 6.4-12.8 12.8v70.4c0 6.4 6.4 12.8 12.8 12.8z\" class=\"\"><\/path><\/svg><\/i> <img loading=\"lazy\" decoding=\"async\" width=\"16\" height=\"16\" alt=\"Loading\" src=\"https:\/\/masken-info.ch\/wp-content\/plugins\/page-views-count\/ajax-loader-2x.gif\" border=0 \/><\/p><div class=\"pvc_clear\"><\/div>","protected":false},"excerpt":{"rendered":"<p>Regierung und Beh\u00f6rden und Beh\u00f6rden beriefen sich in der Kommunikation immer auf P\u00e4diatrie Schweiz. P\u00e4diatrie Schweiz, also die Kinder\u00e4rzte, vertraten stets die gerade opportune Sicht der Regierung. Das Problem: P\u00e4diatrie Schweiz kommt v\u00f6llig ohne wissenschaftliche Belege aus. Zum Beispiel schrieb das Aargauer BKS: &#171;Betreffend die ger\u00fcgte Sch\u00e4dlichkeit von Gesichtsmasken f\u00fcr Kinder und Jugendliche ist aus &hellip; <a href=\"https:\/\/masken-info.ch\/index.php\/die-fatale-rolle-von-paediatrie-schweiz\/\" class=\"more-link\"><span class=\"screen-reader-text\">Die fatale Rolle von &#171;P\u00e4diatrie Schweiz&#187;<\/span> weiterlesen<\/a><\/p>\n<div class=\"pvc_clear\"><\/div>\n<p id=\"pvc_stats_216\" class=\"pvc_stats all  \" data-element-id=\"216\" style=\"\"><i class=\"pvc-stats-icon medium\" aria-hidden=\"true\"><svg aria-hidden=\"true\" focusable=\"false\" data-prefix=\"far\" data-icon=\"chart-bar\" role=\"img\" xmlns=\"http:\/\/www.w3.org\/2000\/svg\" viewBox=\"0 0 512 512\" class=\"svg-inline--fa fa-chart-bar fa-w-16 fa-2x\"><path fill=\"currentColor\" d=\"M396.8 352h22.4c6.4 0 12.8-6.4 12.8-12.8V108.8c0-6.4-6.4-12.8-12.8-12.8h-22.4c-6.4 0-12.8 6.4-12.8 12.8v230.4c0 6.4 6.4 12.8 12.8 12.8zm-192 0h22.4c6.4 0 12.8-6.4 12.8-12.8V140.8c0-6.4-6.4-12.8-12.8-12.8h-22.4c-6.4 0-12.8 6.4-12.8 12.8v198.4c0 6.4 6.4 12.8 12.8 12.8zm96 0h22.4c6.4 0 12.8-6.4 12.8-12.8V204.8c0-6.4-6.4-12.8-12.8-12.8h-22.4c-6.4 0-12.8 6.4-12.8 12.8v134.4c0 6.4 6.4 12.8 12.8 12.8zM496 400H48V80c0-8.84-7.16-16-16-16H16C7.16 64 0 71.16 0 80v336c0 17.67 14.33 32 32 32h464c8.84 0 16-7.16 16-16v-16c0-8.84-7.16-16-16-16zm-387.2-48h22.4c6.4 0 12.8-6.4 12.8-12.8v-70.4c0-6.4-6.4-12.8-12.8-12.8h-22.4c-6.4 0-12.8 6.4-12.8 12.8v70.4c0 6.4 6.4 12.8 12.8 12.8z\" class=\"\"><\/path><\/svg><\/i> <img loading=\"lazy\" decoding=\"async\" width=\"16\" height=\"16\" alt=\"Loading\" src=\"https:\/\/masken-info.ch\/wp-content\/plugins\/page-views-count\/ajax-loader-2x.gif\" border=0 \/><\/p>\n<div class=\"pvc_clear\"><\/div>\n","protected":false},"author":1,"featured_media":0,"parent":0,"menu_order":0,"comment_status":"closed","ping_status":"closed","template":"","meta":{"footnotes":""},"class_list":["post-216","page","type-page","status-publish","hentry"],"a3_pvc":{"activated":true,"total_views":1235,"today_views":0},"yoast_head":"<!-- This site is optimized with the Yoast SEO plugin v27.6 - https:\/\/yoast.com\/product\/yoast-seo-wordpress\/ -->\n<title>Die fatale Rolle von &quot;P\u00e4diatrie Schweiz&quot; - Masken-Info<\/title>\n<meta name=\"robots\" content=\"index, follow, max-snippet:-1, max-image-preview:large, max-video-preview:-1\" \/>\n<link rel=\"canonical\" href=\"https:\/\/masken-info.ch\/index.php\/die-fatale-rolle-von-paediatrie-schweiz\/\" \/>\n<meta property=\"og:locale\" content=\"de_DE\" \/>\n<meta property=\"og:type\" content=\"article\" \/>\n<meta property=\"og:title\" content=\"Die fatale Rolle von &quot;P\u00e4diatrie Schweiz&quot; - Masken-Info\" \/>\n<meta property=\"og:description\" content=\"Regierung und Beh\u00f6rden und Beh\u00f6rden beriefen sich in der Kommunikation immer auf P\u00e4diatrie Schweiz. P\u00e4diatrie Schweiz, also die Kinder\u00e4rzte, vertraten stets die gerade opportune Sicht der Regierung. Das Problem: P\u00e4diatrie Schweiz kommt v\u00f6llig ohne wissenschaftliche Belege aus. Zum Beispiel schrieb das Aargauer BKS: &#171;Betreffend die ger\u00fcgte Sch\u00e4dlichkeit von Gesichtsmasken f\u00fcr Kinder und Jugendliche ist aus &hellip; Die fatale Rolle von &#171;P\u00e4diatrie Schweiz&#187; weiterlesen\" \/>\n<meta property=\"og:url\" content=\"https:\/\/masken-info.ch\/index.php\/die-fatale-rolle-von-paediatrie-schweiz\/\" \/>\n<meta property=\"og:site_name\" content=\"Masken-Info\" \/>\n<meta property=\"article:modified_time\" content=\"2023-12-18T21:26:18+00:00\" \/>\n<meta name=\"twitter:card\" content=\"summary_large_image\" \/>\n<meta name=\"twitter:label1\" content=\"Gesch\u00e4tzte Lesezeit\" \/>\n\t<meta name=\"twitter:data1\" content=\"2\u00a0Minuten\" \/>\n<script type=\"application\/ld+json\" class=\"yoast-schema-graph\">{\"@context\":\"https:\\\/\\\/schema.org\",\"@graph\":[{\"@type\":\"WebPage\",\"@id\":\"https:\\\/\\\/masken-info.ch\\\/index.php\\\/die-fatale-rolle-von-paediatrie-schweiz\\\/\",\"url\":\"https:\\\/\\\/masken-info.ch\\\/index.php\\\/die-fatale-rolle-von-paediatrie-schweiz\\\/\",\"name\":\"Die fatale Rolle von \\\"P\u00e4diatrie Schweiz\\\" - Masken-Info\",\"isPartOf\":{\"@id\":\"https:\\\/\\\/masken-info.ch\\\/#website\"},\"datePublished\":\"2022-08-13T21:48:55+00:00\",\"dateModified\":\"2023-12-18T21:26:18+00:00\",\"breadcrumb\":{\"@id\":\"https:\\\/\\\/masken-info.ch\\\/index.php\\\/die-fatale-rolle-von-paediatrie-schweiz\\\/#breadcrumb\"},\"inLanguage\":\"de-CH\",\"potentialAction\":[{\"@type\":\"ReadAction\",\"target\":[\"https:\\\/\\\/masken-info.ch\\\/index.php\\\/die-fatale-rolle-von-paediatrie-schweiz\\\/\"]}]},{\"@type\":\"BreadcrumbList\",\"@id\":\"https:\\\/\\\/masken-info.ch\\\/index.php\\\/die-fatale-rolle-von-paediatrie-schweiz\\\/#breadcrumb\",\"itemListElement\":[{\"@type\":\"ListItem\",\"position\":1,\"name\":\"Home\",\"item\":\"https:\\\/\\\/masken-info.ch\\\/\"},{\"@type\":\"ListItem\",\"position\":2,\"name\":\"Die fatale Rolle von &#171;P\u00e4diatrie Schweiz&#187;\"}]},{\"@type\":\"WebSite\",\"@id\":\"https:\\\/\\\/masken-info.ch\\\/#website\",\"url\":\"https:\\\/\\\/masken-info.ch\\\/\",\"name\":\"Masken-Info\",\"description\":\"Informationen gegen Maskenzwang an Schulen\",\"publisher\":{\"@id\":\"https:\\\/\\\/masken-info.ch\\\/#organization\"},\"potentialAction\":[{\"@type\":\"SearchAction\",\"target\":{\"@type\":\"EntryPoint\",\"urlTemplate\":\"https:\\\/\\\/masken-info.ch\\\/?s={search_term_string}\"},\"query-input\":{\"@type\":\"PropertyValueSpecification\",\"valueRequired\":true,\"valueName\":\"search_term_string\"}}],\"inLanguage\":\"de-CH\"},{\"@type\":\"Organization\",\"@id\":\"https:\\\/\\\/masken-info.ch\\\/#organization\",\"name\":\"Masken-Info\",\"url\":\"https:\\\/\\\/masken-info.ch\\\/\",\"logo\":{\"@type\":\"ImageObject\",\"inLanguage\":\"de-CH\",\"@id\":\"https:\\\/\\\/masken-info.ch\\\/#\\\/schema\\\/logo\\\/image\\\/\",\"url\":\"https:\\\/\\\/masken-info.ch\\\/wp-content\\\/uploads\\\/2022\\\/01\\\/cropped-Masken-Info.png\",\"contentUrl\":\"https:\\\/\\\/masken-info.ch\\\/wp-content\\\/uploads\\\/2022\\\/01\\\/cropped-Masken-Info.png\",\"width\":248,\"height\":139,\"caption\":\"Masken-Info\"},\"image\":{\"@id\":\"https:\\\/\\\/masken-info.ch\\\/#\\\/schema\\\/logo\\\/image\\\/\"}}]}<\/script>\n<!-- \/ Yoast SEO plugin. -->","yoast_head_json":{"title":"Die fatale Rolle von \"P\u00e4diatrie Schweiz\" - Masken-Info","robots":{"index":"index","follow":"follow","max-snippet":"max-snippet:-1","max-image-preview":"max-image-preview:large","max-video-preview":"max-video-preview:-1"},"canonical":"https:\/\/masken-info.ch\/index.php\/die-fatale-rolle-von-paediatrie-schweiz\/","og_locale":"de_DE","og_type":"article","og_title":"Die fatale Rolle von \"P\u00e4diatrie Schweiz\" - Masken-Info","og_description":"Regierung und Beh\u00f6rden und Beh\u00f6rden beriefen sich in der Kommunikation immer auf P\u00e4diatrie Schweiz. P\u00e4diatrie Schweiz, also die Kinder\u00e4rzte, vertraten stets die gerade opportune Sicht der Regierung. Das Problem: P\u00e4diatrie Schweiz kommt v\u00f6llig ohne wissenschaftliche Belege aus. Zum Beispiel schrieb das Aargauer BKS: &#171;Betreffend die ger\u00fcgte Sch\u00e4dlichkeit von Gesichtsmasken f\u00fcr Kinder und Jugendliche ist aus &hellip; Die fatale Rolle von &#171;P\u00e4diatrie Schweiz&#187; weiterlesen","og_url":"https:\/\/masken-info.ch\/index.php\/die-fatale-rolle-von-paediatrie-schweiz\/","og_site_name":"Masken-Info","article_modified_time":"2023-12-18T21:26:18+00:00","twitter_card":"summary_large_image","twitter_misc":{"Gesch\u00e4tzte Lesezeit":"2\u00a0Minuten"},"schema":{"@context":"https:\/\/schema.org","@graph":[{"@type":"WebPage","@id":"https:\/\/masken-info.ch\/index.php\/die-fatale-rolle-von-paediatrie-schweiz\/","url":"https:\/\/masken-info.ch\/index.php\/die-fatale-rolle-von-paediatrie-schweiz\/","name":"Die fatale Rolle von \"P\u00e4diatrie Schweiz\" - Masken-Info","isPartOf":{"@id":"https:\/\/masken-info.ch\/#website"},"datePublished":"2022-08-13T21:48:55+00:00","dateModified":"2023-12-18T21:26:18+00:00","breadcrumb":{"@id":"https:\/\/masken-info.ch\/index.php\/die-fatale-rolle-von-paediatrie-schweiz\/#breadcrumb"},"inLanguage":"de-CH","potentialAction":[{"@type":"ReadAction","target":["https:\/\/masken-info.ch\/index.php\/die-fatale-rolle-von-paediatrie-schweiz\/"]}]},{"@type":"BreadcrumbList","@id":"https:\/\/masken-info.ch\/index.php\/die-fatale-rolle-von-paediatrie-schweiz\/#breadcrumb","itemListElement":[{"@type":"ListItem","position":1,"name":"Home","item":"https:\/\/masken-info.ch\/"},{"@type":"ListItem","position":2,"name":"Die fatale Rolle von &#171;P\u00e4diatrie Schweiz&#187;"}]},{"@type":"WebSite","@id":"https:\/\/masken-info.ch\/#website","url":"https:\/\/masken-info.ch\/","name":"Masken-Info","description":"Informationen gegen Maskenzwang an Schulen","publisher":{"@id":"https:\/\/masken-info.ch\/#organization"},"potentialAction":[{"@type":"SearchAction","target":{"@type":"EntryPoint","urlTemplate":"https:\/\/masken-info.ch\/?s={search_term_string}"},"query-input":{"@type":"PropertyValueSpecification","valueRequired":true,"valueName":"search_term_string"}}],"inLanguage":"de-CH"},{"@type":"Organization","@id":"https:\/\/masken-info.ch\/#organization","name":"Masken-Info","url":"https:\/\/masken-info.ch\/","logo":{"@type":"ImageObject","inLanguage":"de-CH","@id":"https:\/\/masken-info.ch\/#\/schema\/logo\/image\/","url":"https:\/\/masken-info.ch\/wp-content\/uploads\/2022\/01\/cropped-Masken-Info.png","contentUrl":"https:\/\/masken-info.ch\/wp-content\/uploads\/2022\/01\/cropped-Masken-Info.png","width":248,"height":139,"caption":"Masken-Info"},"image":{"@id":"https:\/\/masken-info.ch\/#\/schema\/logo\/image\/"}}]}},"jetpack_sharing_enabled":true,"_links":{"self":[{"href":"https:\/\/masken-info.ch\/index.php\/wp-json\/wp\/v2\/pages\/216","targetHints":{"allow":["GET"]}}],"collection":[{"href":"https:\/\/masken-info.ch\/index.php\/wp-json\/wp\/v2\/pages"}],"about":[{"href":"https:\/\/masken-info.ch\/index.php\/wp-json\/wp\/v2\/types\/page"}],"author":[{"embeddable":true,"href":"https:\/\/masken-info.ch\/index.php\/wp-json\/wp\/v2\/users\/1"}],"replies":[{"embeddable":true,"href":"https:\/\/masken-info.ch\/index.php\/wp-json\/wp\/v2\/comments?post=216"}],"version-history":[{"count":9,"href":"https:\/\/masken-info.ch\/index.php\/wp-json\/wp\/v2\/pages\/216\/revisions"}],"predecessor-version":[{"id":251,"href":"https:\/\/masken-info.ch\/index.php\/wp-json\/wp\/v2\/pages\/216\/revisions\/251"}],"wp:attachment":[{"href":"https:\/\/masken-info.ch\/index.php\/wp-json\/wp\/v2\/media?parent=216"}],"curies":[{"name":"wp","href":"https:\/\/api.w.org\/{rel}","templated":true}]}}